{"id":2667,"date":"2020-09-16T10:32:52","date_gmt":"2020-09-16T10:32:52","guid":{"rendered":"https:\/\/www.ozvardarcam.com\/contact\/"},"modified":"2020-09-29T11:43:59","modified_gmt":"2020-09-29T11:43:59","slug":"contact","status":"publish","type":"page","link":"https:\/\/www.ozvardarcam.com\/fr\/contact\/","title":{"rendered":"Contact"},"content":{"rendered":"<p>[et_pb_section fb_built=\u201d1\u2033 fullwidth=\u201don\u201d admin_label=\u201dHeader Section\u201d _builder_version=\u201d4.4.5\u2033 background_color=\u201d#69d0fc\u201dlocked=\u201doff\u201d][et_pb_fullwidth_header title=\u201dCONTACT\u201d subhead=\u201dHANNEOUR COMMUNATION\u201dIC text_orientation=&quot;center&quot; header_scroll_down=&quot;on&quot; background_overlay_color=&quot;rgba(0.138,219,0.77)&quot; _builder_version=&quot;4.6.0\u2033 title_font=&quot;Oswald|500||on|||||&quot; title_text_color=\u201d#ffffff\u201d title_font_size=\u201d4vw\u201d title_letter_spacing=\u201d15px\u201d title_line_height=\u201d1.4em\u201d content_font=\u201d||||||||\u201d subhead_font=&quot;Oswald|||on|||||&quot; subhead_text_color=&quot;rgba(255,255,255,0.63)&quot; subhead_font_size=&quot;24px&quot; subhead_letter_spacing=&quot;15px&quot; subhead_line_height=&quot;1.4em&quot; background_enable_color=&quot;off&quot; background_image=&quot;https:\/\/www.ozvardarcam.com\/wp-content\/uploads\/ contact_ust.jpg&quot; background_position=&quot;top_center&quot; max_height=&quot;600px&quot; custom_padding=&quot;10%||30%|&quot; child_mix_blend_mode = \u00bb Multiply \u00bb animation_style = \u00bb zoom \u00bb animation_direction = \u00bb bottom \u00bb animation_intensity_zoom = \u00bb 8% \u00bb title_text_shadow_style = \u00bb Preset1&quot; title_text_shadow_blur_strength = \u00bb 0.25em \u00bb subhead_text_shadow_overdable \u00bb button_text_shadow_overdable \u00bb button_text_shadow_overdable \u00bb button_text_shadow_overdable \u00bb &quot;button_two_text_color__hover_enabled =&quot; off &quot;button_one_border_width__hover_enabled =&quot; off &quot; button_two_border_width__hover_enabled = \u00bb off &quot;button_one_border_color__hover_enabled =&quot; off &quot;button_two_border_color__hover_enabled =&quot; off &quot;button_one_border_radius__hover_enabled =&quot; off &quot;button_two_border_radius__hover_enabled =&quot; off &quot;button_one_letter_spacing__hover_enabled =&quot; off &quot;button_two_letter_spacing__hover_enabled =&quot; off &quot;button_one_bg_color__hover_enabled =&quot; off \u00bb button_two_bg_color__hover_enabled = \u00bb off \u00bb] [\/ et_pb_fullwidth_header] [\/et_pb_section][et_pb_section fb_built=\u201d1\u2033 admin_label=\u201dSection des informations de contact\u201d _builder_version=\u201d3.22\u2033 custom_padding=\u201d100px|0px |100px|0px\u201d][et_pb_row column_structure=\u201d1_3.1_3.1_3\u2033 make_equal=\u201don\u201d admin_label=\u201dContact Info Row\u201d _builder_version=&quot;3.25\u2033 background_color=&quot;#ffffff&quot; custom_margin=&quot;|||&quot; custom_padding=&quot;|||&quot; border_radii=&quot;on|5px|5px|5px|5px&quot;][et_pb_column type=&quot;1_3\u2033 _builder_version=&quot;3.25\u2033 custom_padding=&quot;|||&quot; custom_padding__hover=\u201d|||\u201d][et_pb_blurb title=\u201dAdresse\u201d image=\u201dhttps:\/\/www.ozvardarcam.com\/wp-content\/uploads\/location.png\u201d icon_placement=\u201dtop\u201d image_max_width=\u201d40px\u201d admin_label= \u201dEmplacement\u201d _builder_version=\u201d4.6.0\u2033 header_level=\u201dh6\u2033 header_font=\u201dOswald|||on|||||\u201d header_letter_spacing=&quot;2px&quot; header_line_height=&quot;1.7em&quot; body_font=&quot;Open Sans|600|||||||&quot; body_text_color=\u201drgba(0,0,0,0.4)\u201d text_orientation=\u201dcenter\u201d animation_style=\u201dzoom\u201d animation_intensity_zoom=\u201d10%\u201d animation=\u201doff\u201d]Mustafa Kemal Blv. No:22, 45030<br \/>\nKe\u00e7ilikoy OSB \u2013 Yunusemre\/Manisa[\/et_pb_blurb][\/et_pb_column][et_pb_column type=\u201d1_3\u2033 _builder_version=\u201d3.25\u2033 custom_padding=\u201d|||\u201d custom_padding__hover=\u201d|||\u201d][et_pb_blurb title=\u201dT\u00e9l\u00e9phone\u201d image=\u201dhttps:\/\/www.ozvardarcam.com\/wp-content\/uploads\/mobile-phone.png\u201d icon_placement=\u201dtop\u201d image_max_width=\u201d40px\u201d admin_label=\u201dContact\u201d _builder_version=\u201d4.6.0\u2033 header_level=\u201dh6\u2033 header_font=\u201dOswald|||on|||||\u201d header_letter_spacing=&quot;2px&quot; header_line_height=&quot;1.7em&quot; body_font=&quot;Open Sans|600|||||||&quot; body_text_color=\u201drgba(0,0,0,0.4)\u201d text_orientation=\u201dcenter\u201d animation_style=\u201dzoom\u201d animation_delay=\u201d100ms\u201d animation_intensity_zoom=\u201d10%\u201d animation=\u201doff\u201d]+(90) 236 213 02 06<br \/>\n+(90) 236 213 03 14[\/et_pb_blurb][\/et_pb_column][et_pb_column type=&quot;1_3\u2033 _builder_version=&quot;3.25\u2033 custom_padding=&quot;|||&quot; custom_padding__hover=&quot;|||&quot;][et_pb_blurb title=&quot;eMail&quot; image=&quot;https:\/\/www.ozvardarcam.com\/wp-content\/uploads\/envelope.png&quot; icon_placement=&quot;top&quot; image_max_width=&quot;40px&quot; admin_label= \u201dE-mail\u201d _builder_version=\u201d4.6.0\u2033 header_level=\u201dh6\u2033 header_font=\u201dOswald|||on|||||\u201d header_letter_spacing=&quot;2px&quot; header_line_height=&quot;1.7em&quot; body_font=&quot;Open Sans|600|||||||&quot; body_text_color=&quot;rgba(0,0,0,0.4)&quot; body_link_text_color=&quot;rgba(0,0,0,0.4)&quot; text_orientation=&quot;center&quot; animation_style=&quot;zoom&quot; animation_delay=&quot;200ms&quot; animation_intensity_zoom=&quot;10%&quot; animation= &quot;d\u00e9sactiv\u00e9&quot;]<a href=\"mailto:info@ozvardarcam.com\">info@ozvardarcam.com<\/a><br \/>\n<a href=\"mailto:medya@ozvardarcam.com\">media@ozvardarcam.com<\/a>[\/et_pb_blurb][\/et_pb_column][\/et_pb_row][et_pb_row _builder_version=&quot;3.25\u2033][et_pb_column type=&quot;4_4\u2033 _builder_version=&quot;3.25\u2033 custom_padding=&quot;|||&quot; custom_padding__hover=&quot;|||&quot;][et_pb_code _builder_version=&quot;4.6.0\u2033 _module_preset=&quot;default&quot;]<iframe src=\"https:\/\/www.google.com\/maps\/embed?pb=!1m18!1m12!1m3!1d3117.2960646580286!2d27.327887715629114!3d38.619069570906525!2m3!1f0!2f0!3f0!3m2!1i1024!2i768!4f13.1!3m3!1m2!1s0x14b99c6b4b70ead5%3A0x3244facdb13e4c20!2sOzvardar%20Cam%20San.%20Tic.%20A.%C5%9E.!5e0!3m2!1str!2str!4v1598852464642!5m2!1str!2str\" width=\"1200px\" height=\"600px\" frameborder=\"0\" style=\"border:0;\" allowfullscreen=\"\" aria-hidden=\"false\" tabindex=\"0\"><\/iframe>[\/et_pb_code][\/et_pb_column][\/et_pb_row][\/et_pb_section][et_pb_section fb_built=&#8221;1&#8243; admin_label=&#8221;Footer Section&#8221; _builder_version=&#8221;4.4.4&#8243; background_color=&#8221;#e8ffff&#8221; custom_padding=&#8221;100px||100px|&#8221; saved_tabs=&#8221;all&#8221; locked=&#8221;off&#8221;][et_pb_row column_structure=&#8221;1_2,1_2&#8243; custom_padding_last_edited=&#8221;on|phone&#8221; _builder_version=&#8221;4.4.4&#8243; background_color=&#8221;#01a398&#8243; use_background_color_gradient=&#8221;on&#8221; background_color_gradient_start=&#8221;#01a398&#8243; background_color_gradient_end=&#8221;#3aa38e&#8221; background_color_gradient_direction=&#8221;131deg&#8221; custom_margin=&#8221;-10%|||&#8221; custom_padding=&#8221;70px|3%|70px|3%&#8221; custom_padding_tablet=&#8221;&#8221; custom_padding_phone=&#8221;&#8221; box_shadow_style=&#8221;preset3&#8243; box_shadow_color=&#8221;#01a398&#8243;][et_pb_column type=&#8221;1_2&#8243; _builder_version=&#8221;3.25&#8243; custom_padding=&#8221;|||&#8221; custom_padding__hover=&#8221;|||&#8221;][et_pb_blurb title=&#8221;GET INFORMATION&#8221; use_icon=&#8221;on&#8221; font_icon=&#8221;%%51%%&#8221; icon_color=&#8221;#ffffff&#8221; use_circle=&#8221;on&#8221; circle_color=&#8221;rgba(189,173,160,0)&#8221; use_circle_border=&#8221;on&#8221; circle_border_color=&#8221;#ffffff&#8221; use_icon_font_size=&#8221;on&#8221; icon_font_size=&#8221;32px&#8221; admin_label=&#8221;Where To Buy&#8221; _builder_version=&#8221;4.6.0&#8243; header_font=&#8221;Oswald|300|||||||&#8221; header_text_color=&#8221;#ffffff&#8221; header_font_size=&#8221;24px&#8221; header_line_height=&#8221;1.2em&#8221; body_font=&#8221;Oswald|200|||||||&#8221; body_text_color=&#8221;#ffffff&#8221; body_font_size=&#8221;18px&#8221; body_letter_spacing=&#8221;1px&#8221; text_orientation=&#8221;center&#8221; link_option_url=&#8221;mailto:info@ozvardarcam.com&#8221;]<\/p>\n<p>info@ozvardarcam.com<\/p>\n<p>[\/et_pb_blurb][\/et_pb_column][et_pb_column type=&#8221;1_2&#8243; _builder_version=&#8221;3.25&#8243; custom_padding=&#8221;|||&#8221; custom_padding__hover=&#8221;|||&#8221;][et_pb_blurb title=&#8221;MEDIA&#8221; use_icon=&#8221;on&#8221; font_icon=&#8221;%%225%%&#8221; icon_color=&#8221;#ffffff&#8221; use_circle=&#8221;on&#8221; circle_color=&#8221;rgba(189,173,160,0)&#8221; use_circle_border=&#8221;on&#8221; circle_border_color=&#8221;#ffffff&#8221; use_icon_font_size=&#8221;on&#8221; icon_font_size=&#8221;32px&#8221; admin_label=&#8221;Where To Buy&#8221; _builder_version=&#8221;4.6.0&#8243; header_font=&#8221;Oswald|300|||||||&#8221; header_text_color=&#8221;#ffffff&#8221; header_font_size=&#8221;24px&#8221; header_line_height=&#8221;1.2em&#8221; body_font=&#8221;Oswald|200|||||||&#8221; body_text_color=&#8221;#ffffff&#8221; body_font_size=&#8221;18px&#8221; body_letter_spacing=&#8221;1px&#8221; text_orientation=&#8221;center&#8221; link_option_url=&#8221;mailto:medya@ozvardarcam.com&#8221;]<\/p>\n<p>media@ozvardarcam.com<\/p>\n<p>[\/et_pb_blurb][\/et_pb_column][\/et_pb_row][et_pb_row _builder_version=&#8221;4.4.3&#8243;][et_pb_column type=&#8221;4_4&#8243; _builder_version=&#8221;4.4.3&#8243;][et_pb_contact_form captcha=&#8221;off&#8221; email=&#8221;medya@ozvardarcam.com&#8221; title=&#8221;CONTACT FORM&#8221; custom_message=&#8221;G\u00f6nderen \u0130sim= %%Name%%||et_pb_line_break_holder||G\u00f6nderen Mail= %%Email%%||et_pb_line_break_holder||Mesaj= %%Message%%&#8221; submit_button_text=&#8221;SEND&#8221; _builder_version=&#8221;4.6.0&#8243; form_field_background_color=&#8221;#ffffff&#8221; form_field_focus_background_color=&#8221;#ffffff&#8221; title_font=&#8221;Oswald|300|||||||&#8221; title_text_color=&#8221;#01a398&#8243; title_letter_spacing=&#8221;1px&#8221; form_field_font=&#8221;Open Sans||||||||&#8221; custom_button=&#8221;on&#8221; button_border_width=&#8221;1.5px&#8221; button_border_radius=&#8221;0px&#8221; button_letter_spacing=&#8221;1px&#8221; button_font=&#8221;Oswald|300|||||||&#8221; button_custom_margin=&#8221;7px||||false|false&#8221; box_shadow_style=&#8221;preset3&#8243; box_shadow_blur=&#8221;22px&#8221; box_shadow_spread=&#8221;-13px&#8221; box_shadow_color=&#8221;#01a398&#8243;][et_pb_contact_field field_id=&#8221;Name&#8221; field_title=&#8221;Name&#8221; _builder_version=&#8221;4.4.6&#8243; form_field_background_color=&#8221;#ffffff&#8221; form_field_focus_background_color=&#8221;#ffffff&#8221; form_field_font=&#8221;Oswald|300|||||||&#8221; form_field_letter_spacing=&#8221;1px&#8221; button_text_size__hover_enabled=&#8221;off&#8221; button_one_text_size__hover_enabled=&#8221;off&#8221; button_two_text_size__hover_enabled=&#8221;off&#8221; button_text_color__hover_enabled=&#8221;off&#8221; button_one_text_color__hover_enabled=&#8221;off&#8221; button_two_text_color__hover_enabled=&#8221;off&#8221; button_border_width__hover_enabled=&#8221;off&#8221; button_one_border_width__hover_enabled=&#8221;off&#8221; button_two_border_width__hover_enabled=&#8221;off&#8221; button_border_color__hover_enabled=&#8221;off&#8221; button_one_border_color__hover_enabled=&#8221;off&#8221; button_two_border_color__hover_enabled=&#8221;off&#8221; button_border_radius__hover_enabled=&#8221;off&#8221; button_one_border_radius__hover_enabled=&#8221;off&#8221; button_two_border_radius__hover_enabled=&#8221;off&#8221; button_letter_spacing__hover_enabled=&#8221;off&#8221; button_one_letter_spacing__hover_enabled=&#8221;off&#8221; button_two_letter_spacing__hover_enabled=&#8221;off&#8221; button_bg_color__hover_enabled=&#8221;off&#8221; button_one_bg_color__hover_enabled=&#8221;off&#8221; button_two_bg_color__hover_enabled=&#8221;off&#8221;][\/et_pb_contact_field][et_pb_contact_field field_id=&#8221;Email&#8221; field_title=&#8221;Email&#8221; field_type=&#8221;email&#8221; _builder_version=&#8221;4.4.6&#8243; form_field_background_color=&#8221;#ffffff&#8221; form_field_focus_background_color=&#8221;#ffffff&#8221; form_field_font=&#8221;Oswald|300|||||||&#8221; form_field_letter_spacing=&#8221;1px&#8221; button_text_size__hover_enabled=&#8221;off&#8221; button_one_text_size__hover_enabled=&#8221;off&#8221; button_two_text_size__hover_enabled=&#8221;off&#8221; button_text_color__hover_enabled=&#8221;off&#8221; button_one_text_color__hover_enabled=&#8221;off&#8221; button_two_text_color__hover_enabled=&#8221;off&#8221; button_border_width__hover_enabled=&#8221;off&#8221; button_one_border_width__hover_enabled=&#8221;off&#8221; button_two_border_width__hover_enabled=&#8221;off&#8221; button_border_color__hover_enabled=&#8221;off&#8221; button_one_border_color__hover_enabled=&#8221;off&#8221; button_two_border_color__hover_enabled=&#8221;off&#8221; button_border_radius__hover_enabled=&#8221;off&#8221; button_one_border_radius__hover_enabled=&#8221;off&#8221; button_two_border_radius__hover_enabled=&#8221;off&#8221; button_letter_spacing__hover_enabled=&#8221;off&#8221; button_one_letter_spacing__hover_enabled=&#8221;off&#8221; button_two_letter_spacing__hover_enabled=&#8221;off&#8221; button_bg_color__hover_enabled=&#8221;off&#8221; button_one_bg_color__hover_enabled=&#8221;off&#8221; button_two_bg_color__hover_enabled=&#8221;off&#8221;][\/et_pb_contact_field][et_pb_contact_field field_id=&#8221;Message&#8221; field_title=&#8221;Message&#8221; field_type=&#8221;text&#8221; fullwidth_field=&#8221;on&#8221; _builder_version=&#8221;4.4.6&#8243; form_field_background_color=&#8221;#ffffff&#8221; form_field_focus_background_color=&#8221;#ffffff&#8221; form_field_font=&#8221;Oswald|300|||||||&#8221; form_field_letter_spacing=&#8221;1px&#8221; button_text_size__hover_enabled=&#8221;off&#8221; button_one_text_size__hover_enabled=&#8221;off&#8221; button_two_text_size__hover_enabled=&#8221;off&#8221; button_text_color__hover_enabled=&#8221;off&#8221; button_one_text_color__hover_enabled=&#8221;off&#8221; button_two_text_color__hover_enabled=&#8221;off&#8221; button_border_width__hover_enabled=&#8221;off&#8221; button_one_border_width__hover_enabled=&#8221;off&#8221; button_two_border_width__hover_enabled=&#8221;off&#8221; button_border_color__hover_enabled=&#8221;off&#8221; button_one_border_color__hover_enabled=&#8221;off&#8221; button_two_border_color__hover_enabled=&#8221;off&#8221; button_border_radius__hover_enabled=&#8221;off&#8221; button_one_border_radius__hover_enabled=&#8221;off&#8221; button_two_border_radius__hover_enabled=&#8221;off&#8221; button_letter_spacing__hover_enabled=&#8221;off&#8221; button_one_letter_spacing__hover_enabled=&#8221;off&#8221; button_two_letter_spacing__hover_enabled=&#8221;off&#8221; button_bg_color__hover_enabled=&#8221;off&#8221; button_one_bg_color__hover_enabled=&#8221;off&#8221; button_two_bg_color__hover_enabled=&#8221;off&#8221;][\/et_pb_contact_field][\/et_pb_contact_form][\/et_pb_column][\/et_pb_row][\/et_pb_section][et_pb_section fb_built=&#8221;1&#8243; disabled_on=&#8221;on|on|off&#8221; _builder_version=&#8221;4.4.9&#8243; background_color=&#8221;#01a398&#8243; custom_padding=&#8221;55px||55px||true|false&#8221; box_shadow_style=&#8221;preset6&#8243; box_shadow_color=&#8221;#016855&#8243; box_shadow_position=&#8221;outer&#8221; saved_tabs=&#8221;all&#8221;][et_pb_row column_structure=&#8221;1_4,1_4,1_4,1_4&#8243; use_custom_gutter=&#8221;on&#8221; gutter_width=&#8221;1&#8243; _builder_version=&#8221;4.4.6&#8243; custom_padding=&#8221;0px||0px||false|false&#8221;][et_pb_column type=&#8221;1_4&#8243; _builder_version=&#8221;4.4.4&#8243;][et_pb_blurb title=&#8221;OZVARDAR GLASS&#8221; use_icon=&#8221;on&#8221; font_icon=&#8221;%%236%%&#8221; icon_color=&#8221;#ffffff&#8221; module_class=&#8221;altbant&#8221; _builder_version=&#8221;4.5.7&#8243; header_font=&#8221;Oswald|200|||||||&#8221; body_font=&#8221;Oswald||||||||&#8221; body_font_size=&#8221;13px&#8221; body_line_height=&#8221;1.5em&#8221; body_link_font=&#8221;Oswald|200|||||||&#8221; body_link_text_color=&#8221;#ffffff&#8221; body_link_letter_spacing=&#8221;1px&#8221; body_link_line_height=&#8221;2em&#8221; background_layout=&#8221;dark&#8221; header_text_shadow_style=&#8221;preset1&#8243; body_link_text_shadow_style=&#8221;preset1&#8243; text_shadow_style=&#8221;preset1&#8243; text_shadow_color=&#8221;#000000&#8243;]<\/p>\n<p><a href=\"https:\/\/www.ozvardarcam.com\/fr\/?lang=en\">DOMICILE<\/a><\/p>\n<p>[\/et_pb_blurb][\/et_pb_column][et_pb_column type=&#8221;1_4&#8243; _builder_version=&#8221;4.4.4&#8243;][et_pb_blurb title=&#8221;OUR COMPANY&#8221; use_icon=&#8221;on&#8221; font_icon=&#8221;%%161%%&#8221; icon_color=&#8221;#ffffff&#8221; module_class=&#8221;altbant&#8221; _builder_version=&#8221;4.4.7&#8243; header_font=&#8221;Oswald|200|||||||&#8221; body_font=&#8221;Oswald||||||||&#8221; body_font_size=&#8221;13px&#8221; body_line_height=&#8221;1.5em&#8221; body_link_font=&#8221;Oswald|200|||||||&#8221; body_link_text_color=&#8221;#ffffff&#8221; body_link_letter_spacing=&#8221;1px&#8221; body_link_line_height=&#8221;2em&#8221; background_layout=&#8221;dark&#8221; header_text_shadow_style=&#8221;preset1&#8243; body_link_text_shadow_style=&#8221;preset1&#8243; text_shadow_style=&#8221;preset1&#8243; text_shadow_color=&#8221;#000000&#8243;]<a href=\"https:\/\/www.ozvardarcam.com\/fr\/about-us\/?lang=en\">\u00c0 PROPOS DE NOUS<\/a><br \/><a href=\"https:\/\/www.ozvardarcam.com\/fr\/tour\/?lang=en\">TOUR<\/a><br \/><a href=\"https:\/\/www.ozvardarcam.com\/fr\/sustainability\/?lang=en\">DURABILIT\u00c9<\/a><br \/><a href=\"https:\/\/www.ozvardarcam.com\/fr\/our-brands\/?lang=en\">NOS MARQUES<\/a><br \/><a href=\"\/fr\/\">COLLECTE<\/a>[\/et_pb_blurb][\/et_pb_column][et_pb_column type=&#8221;1_4&#8243; _builder_version=&#8221;4.4.4&#8243;][et_pb_blurb title=&#8221;PRODUCT PORTFOLIO&#8221; use_icon=&#8221;on&#8221; font_icon=&#8221;%%114%%&#8221; icon_color=&#8221;#ffffff&#8221; module_class=&#8221;altbant&#8221; _builder_version=&#8221;4.6.0&#8243; header_font=&#8221;Oswald|200|||||||&#8221; body_font=&#8221;Oswald||||||||&#8221; body_font_size=&#8221;13px&#8221; body_line_height=&#8221;1.5em&#8221; body_link_font=&#8221;Oswald|200|||||||&#8221; body_link_text_color=&#8221;#ffffff&#8221; body_link_letter_spacing=&#8221;1px&#8221; body_link_line_height=&#8221;2em&#8221; background_layout=&#8221;dark&#8221; header_text_shadow_style=&#8221;preset1&#8243; body_link_text_shadow_style=&#8221;preset1&#8243; text_shadow_style=&#8221;preset1&#8243; text_shadow_color=&#8221;#000000&#8243;]<\/p>\n<p><a href=\"https:\/\/www.ozvardarcam.com\/fr\/product-portfolio\/?lang=en\">PORTEFEUILLE DE PRODUITS<\/a><\/p>\n<p>[\/et_pb_blurb][\/et_pb_column][et_pb_column type=&#8221;1_4&#8243; _builder_version=&#8221;4.4.4&#8243;][et_pb_blurb title=&#8221;CONTACT&#8221; use_icon=&#8221;on&#8221; font_icon=&#8221;%%132%%&#8221; icon_color=&#8221;#ffffff&#8221; module_class=&#8221;altbant&#8221; _builder_version=&#8221;4.4.6&#8243; header_font=&#8221;Oswald|200|||||||&#8221; body_font=&#8221;Oswald||||||||&#8221; body_font_size=&#8221;13px&#8221; body_line_height=&#8221;1.5em&#8221; body_link_font=&#8221;Oswald|200|||||||&#8221; body_link_text_color=&#8221;#ffffff&#8221; body_link_letter_spacing=&#8221;1px&#8221; body_link_line_height=&#8221;2em&#8221; background_layout=&#8221;dark&#8221; header_text_shadow_style=&#8221;preset1&#8243; body_link_text_shadow_style=&#8221;preset1&#8243; text_shadow_style=&#8221;preset1&#8243; text_shadow_color=&#8221;#000000&#8243;]<\/p>\n<p><a href=\"https:\/\/www.ozvardarcam.com\/fr\/contact\/?lang=en\">CONTACT<\/a><br \/> <a href=\"https:\/\/www.facebook.com\/ozvardarcam\/\">FACEBOOK<\/a><br \/> <a href=\"https:\/\/www.instagram.com\/ozvardar.glass\/\">INSTAGRAM<\/a><br \/> <a href=\"https:\/\/www.linkedin.com\/company\/37557142\/\">LINKEDIN<\/a><\/p>\n<p>[\/et_pb_blurb][\/et_pb_column][\/et_pb_row][\/et_pb_section]<\/p>","protected":false},"excerpt":{"rendered":"<p>[et_pb_section fb_built=\u201d1\u2033 fullwidth=\u201don\u201d admin_label=\u201dHeader Section\u201d _builder_version=\u201d4.4.5\u2033 background_color=\u201d#69d0fc\u201dlocked=\u201doff\u201d][et_pb_fullwidth_header title=\u201dCONTACT\u201d subhead=\u201dHANNEOUR COMMUNATION\u201dIC text_orientation=&quot;center&quot; header_scroll_down=&quot;on&quot; background_overlay_color=&quot;rgba(0.138,219,0.77)&quot; _builder_version=&quot;4.6.0\u2033 title_font=&quot;Oswald|500||on|||||&quot; title_text_color=\u201d#ffffff\u201d title_font_size=\u201d4vw\u201d title_letter_spacing=\u201d15px\u201d title_line_height=\u201d1.4em\u201d content_font=\u201d||||||||\u201d subhead_font=&quot;Oswald|||on|||||&quot; subhead_text_color=&quot;rgba(255,255,255,0.63)&quot; subhead_font_size=&quot;24px&quot; subhead_letter_spacing=&quot;15px&quot; subhead_line_height=&quot;1.4em&quot; background_enable_color=&quot;off&quot; background_image=&quot;https:\/\/www.ozvardarcam.com\/wp-content\/uploads\/ contact_ust.jpg&quot; background_position=&quot;top_center&quot; max_height=&quot;600px&quot; custom_padding=&quot;10%||30%|&quot; child_mix_blend_mode = \u00bb Multiply \u00bb animation_style = \u00bb zoom \u00bb animation_direction = \u00bb bottom \u00bb animation_intensity_zoom = \u00bb 8% \u00bb title_text_shadow_style = \u00bb Preset1&quot; title_text_shadow_blur_strength = \u00bb 0.25em \u00bb subhead_text_shadow_overdable \u00bb button_text_shadow_overdable \u00bb button_text_shadow_overdable \u00bb button_text_shadow_overdable \u00bb &quot;button_two_text_color__hover_enabled =&quot; off &quot;button_one_border_width__hover_enabled =&quot; off &quot; button_two_border_width__hover_enabled = \u00bb off &quot;button_one_border_color__hover_enabled =&quot; off &quot;button_two_border_color__hover_enabled =&quot; off &quot;button_one_border_radius__hover_enabled =&quot; off &quot;button_two_border_radius__hover_enabled =&quot; off &quot;button_one_letter_spacing__hover_enabled =&quot; off &quot;button_two_letter_spacing__hover_enabled =&quot; off &quot;button_one_bg_color__hover_enabled =&quot; off \u00bb button_two_bg_color__hover_enabled = \u00bb off \u00bb] [\/ et_pb_fullwidth_header] [\/et_pb_section][et_pb_section fb_built=&quot;1\u2033 admin_label=&quot;Contact [\u2026]<\/p>","protected":false},"author":1,"featured_media":0,"parent":0,"menu_order":0,"comment_status":"closed","ping_status":"closed","template":"","meta":{"_et_pb_use_builder":"on","_et_pb_old_content":"","_et_gb_content_width":""},"_links":{"self":[{"href":"https:\/\/www.ozvardarcam.com\/fr\/wp-json\/wp\/v2\/pages\/2667"}],"collection":[{"href":"https:\/\/www.ozvardarcam.com\/fr\/wp-json\/wp\/v2\/pages"}],"about":[{"href":"https:\/\/www.ozvardarcam.com\/fr\/wp-json\/wp\/v2\/types\/page"}],"author":[{"embeddable":true,"href":"https:\/\/www.ozvardarcam.com\/fr\/wp-json\/wp\/v2\/users\/1"}],"replies":[{"embeddable":true,"href":"https:\/\/www.ozvardarcam.com\/fr\/wp-json\/wp\/v2\/comments?post=2667"}],"version-history":[{"count":0,"href":"https:\/\/www.ozvardarcam.com\/fr\/wp-json\/wp\/v2\/pages\/2667\/revisions"}],"wp:attachment":[{"href":"https:\/\/www.ozvardarcam.com\/fr\/wp-json\/wp\/v2\/media?parent=2667"}],"curies":[{"name":"wp","href":"https:\/\/api.w.org\/{rel}","templated":true}]}}