{"id":2642,"date":"2020-09-15T12:08:58","date_gmt":"2020-09-15T12:08:58","guid":{"rendered":"https:\/\/www.ozvardarcam.com\/privacy-policy\/"},"modified":"2020-09-15T12:08:59","modified_gmt":"2020-09-15T12:08:59","slug":"privacy-policy","status":"publish","type":"page","link":"https:\/\/www.ozvardarcam.com\/fr\/privacy-policy\/","title":{"rendered":"Privacy policy"},"content":{"rendered":"<p>[et_pb_section fb_built=&#8221;1&#8243; fullwidth=&#8221;on&#8221; _builder_version=&#8221;4.6.0&#8243; _module_preset=&#8221;default&#8221;][et_pb_fullwidth_header title=&#8221;PRIVACY POLICY&#8221; subhead=&#8221;What is our privacy policy? What personal information do we collect for what purpose? you can find answers to your questions like here.&#8221; text_orientation=&#8221;center&#8221; header_fullscreen=&#8221;on&#8221; header_scroll_down=&#8221;on&#8221; scroll_down_icon=&#8221;%%2%%&#8221; background_overlay_color=&#8221;rgba(12,113,195,0.1)&#8221; _builder_version=&#8221;4.6.0&#8243; _module_preset=&#8221;default&#8221; title_font=&#8221;Oswald|500|||||||&#8221; title_font_size=&#8221;80px&#8221; title_letter_spacing=&#8221;0.05em&#8221; title_line_height=&#8221;1.5em&#8221; content_font=&#8221;|600|||||||&#8221; content_text_color=&#8221;rgba(0,0,0,0.4)&#8221; subhead_font=&#8221;Oswald||||||||&#8221; subhead_font_size=&#8221;20px&#8221; subhead_letter_spacing=&#8221;0.05em&#8221; subhead_line_height=&#8221;1.9em&#8221; background_enable_color=&#8221;off&#8221; background_image=&#8221;https:\/\/www.ozvardarcam.com\/wp-content\/uploads\/gizlilik_ilkesi.jpg&#8221; background_layout=&#8221;light&#8221;][\/et_pb_fullwidth_header][\/et_pb_section][et_pb_section fb_built=&#8221;1&#8243; _builder_version=&#8221;4.6.0&#8243; _module_preset=&#8221;default&#8221; background_color=&#8221;#e8ffff&#8221;][et_pb_row _builder_version=&#8221;4.6.0&#8243; _module_preset=&#8221;default&#8221;][et_pb_column type=&#8221;4_4&#8243; _builder_version=&#8221;4.6.0&#8243; _module_preset=&#8221;default&#8221;][et_pb_blurb title=&#8221;WHO ARE WE&#8221; image=&#8221;https:\/\/www.ozvardarcam.com\/wp-content\/uploads\/ozvardarcam.jpg&#8221; alt=&#8221;privacy policy&#8221; icon_placement=&#8221;top&#8221; icon_alignment=&#8221;left&#8221; content_max_width=&#8221;90%&#8221; _builder_version=&#8221;4.6.0&#8243; _module_preset=&#8221;default&#8221; header_font=&#8221;Oswald||||||||&#8221; header_font_size=&#8221;42px&#8221; body_font=&#8221;Oswald|300|||||||&#8221; body_font_size=&#8221;19px&#8221; body_letter_spacing=&#8221;0.05em&#8221;]<\/p>\n<p>Ozvardar Glass Industry r\u00e9alise une production de haute qualit\u00e9 et op\u00e8re dans les secteurs de l&#39;\u00e9lectrom\u00e9nager, de la construction, du meuble, de l&#39;automobile et de l&#39;\u00e9nergie. Avec sa qualit\u00e9 de classe mondiale, son large portefeuille de produits et sa solide infrastructure logistique, il r\u00e9pond \u00e0 toutes sortes de besoins et attentes en mati\u00e8re de verre dans le monde entier.<br \/>\nL&#39;industrie du verre \u00d6zvardar, qui s&#39;est adapt\u00e9e \u00e0 une technologie en constante \u00e9volution, transformant les id\u00e9es en r\u00e9alit\u00e9, travaillant avec un personnel expert depuis le jour de sa cr\u00e9ation, est fi\u00e8re de fournir une production et un service de classe mondiale. Forts de la valeur que nous vous accordons et de votre confiance en nous, nous poursuivons notre chemin avec de tout nouveaux projets, apr\u00e8s un pass\u00e9 r\u00e9ussi de plus d&#39;un demi-si\u00e8cle.<\/p>\n<p>[\/et_pb_blurb][et_pb_divider color=&#8221;rgba(1,163,152,0.82)&#8221; divider_weight=&#8221;3px&#8221; _builder_version=&#8221;4.6.0&#8243; _module_preset=&#8221;default&#8221; width=&#8221;90%&#8221; module_alignment=&#8221;center&#8221; custom_margin=&#8221;5%||5%||false|false&#8221;][\/et_pb_divider][et_pb_blurb title=&#8221;PRIVACY POLICY PURPOSE&#8221; use_icon=&#8221;on&#8221; font_icon=&#8221;%%75%%&#8221; content_max_width=&#8221;90%&#8221; use_icon_font_size=&#8221;on&#8221; icon_font_size=&#8221;79px&#8221; _builder_version=&#8221;4.6.0&#8243; _module_preset=&#8221;default&#8221; header_font=&#8221;Oswald||||||||&#8221; header_font_size=&#8221;42px&#8221; body_font=&#8221;Oswald|300|||||||&#8221; body_font_size=&#8221;19px&#8221; body_letter_spacing=&#8221;0.05em&#8221;]<\/p>\n<p>Le but de cette politique est de prot\u00e9ger et de g\u00e9rer correctement les caract\u00e9ristiques de confidentialit\u00e9, d&#39;int\u00e9grit\u00e9 et d&#39;accessibilit\u00e9 des actifs d&#39;information d\u00e9tenus par OZVARDAR GLASS et les unit\u00e9s qu&#39;elle fournit des services.<\/p>\n<p>[\/et_pb_blurb][et_pb_divider color=&#8221;rgba(1,163,152,0.82)&#8221; divider_weight=&#8221;3px&#8221; _builder_version=&#8221;4.6.0&#8243; _module_preset=&#8221;default&#8221; width=&#8221;90%&#8221; module_alignment=&#8221;center&#8221; custom_margin=&#8221;5%||5%||false|false&#8221;][\/et_pb_divider][et_pb_blurb title=&#8221;PRIVACY POLICY SCOPE&#8221; use_icon=&#8221;on&#8221; font_icon=&#8221;%%75%%&#8221; content_max_width=&#8221;90%&#8221; use_icon_font_size=&#8221;on&#8221; icon_font_size=&#8221;79px&#8221; _builder_version=&#8221;4.6.0&#8243; _module_preset=&#8221;default&#8221; header_font=&#8221;Oswald||||||||&#8221; header_font_size=&#8221;42px&#8221; body_font=&#8221;Oswald|300|||||||&#8221; body_font_size=&#8221;19px&#8221; body_letter_spacing=&#8221;0.05em&#8221;]<\/p>\n<p><span>Syst\u00e8me de gestion de la s\u00e9curit\u00e9 de l&#39;information OZVARDAR GLASS; OZVARDAR GLASS Il comprend l&#39;infrastructure informatique, toutes les unit\u00e9s utilisant cette infrastructure, les utilisateurs acc\u00e9dant aux syst\u00e8mes d&#39;information de l&#39;institution en tant que tiers, les fournisseurs de services, de logiciels ou de mat\u00e9riel qui fournissent un support technique \u00e0 l&#39;unit\u00e9 informatique OZVARDAR GLASS.<\/span><\/p>\n<p><span>La mise en \u0153uvre de cette politique est importante pour montrer et maintenir notre int\u00e9grit\u00e9 dans nos relations d&#39;affaires avec les unit\u00e9s que nous servons. Pour OZVARDAR GLASS, les informations clients, les enregistrements organisationnels, les connaissances technologiques, les informations sur les processus d&#39;activit\u00e9 du projet sont avant tout des actifs prioritaires et prot\u00e9g\u00e9s. C&#39;est la politique d&#39;OZVARDAR GLASS de fournir ce qui suit.<\/span><\/p>\n<ul>\n<li>La confidentialit\u00e9 est assur\u00e9e en accordant uniquement un acc\u00e8s autoris\u00e9 aux informations,<\/li>\n<li>L&#39;int\u00e9grit\u00e9 des informations est assur\u00e9e en se prot\u00e9geant contre les modifications non autoris\u00e9es et en enregistrant les modifications apport\u00e9es,<\/li>\n<li>Lorsque des informations sont n\u00e9cessaires, leur accessibilit\u00e9 est assur\u00e9e en les mettant \u00e0 disposition des utilisateurs autoris\u00e9s<\/li>\n<li>Toutes les politiques et proc\u00e9dures soutenant cette politique sont mises en \u0153uvre par chaque unit\u00e9. Toutes les exigences l\u00e9gales sont remplies.<\/li>\n<li>La sensibilisation est accrue en dispensant une formation continue sur la s\u00e9curit\u00e9 de l&#39;information \u00e0 tous les employ\u00e9s.<\/li>\n<li>Toutes les vuln\u00e9rabilit\u00e9s de la s\u00e9curit\u00e9 de l&#39;information et toutes les situations suspectes d\u00e9tect\u00e9es sont signal\u00e9es aux parties concern\u00e9es. L&#39;am\u00e9lioration continue et les contr\u00f4les sont assur\u00e9s par les personnes concern\u00e9es.<\/li>\n<\/ul>\n<p>[\/et_pb_blurb][et_pb_divider color=&#8221;rgba(1,163,152,0.82)&#8221; divider_weight=&#8221;3px&#8221; _builder_version=&#8221;4.6.0&#8243; _module_preset=&#8221;default&#8221; width=&#8221;90%&#8221; module_alignment=&#8221;center&#8221; custom_margin=&#8221;5%||5%||false|false&#8221;][\/et_pb_divider][et_pb_blurb title=&#8221;PRIVACY POLICY APPLICABILITY&#8221; use_icon=&#8221;on&#8221; font_icon=&#8221;%%75%%&#8221; content_max_width=&#8221;90%&#8221; use_icon_font_size=&#8221;on&#8221; icon_font_size=&#8221;79px&#8221; _builder_version=&#8221;4.6.0&#8243; _module_preset=&#8221;default&#8221; header_font=&#8221;Oswald||||||||&#8221; header_font_size=&#8221;42px&#8221; body_font=&#8221;Oswald|300|||||||&#8221; body_font_size=&#8221;19px&#8221; body_letter_spacing=&#8221;0.05em&#8221;]<\/p>\n<p><span>Tous les employ\u00e9s d&#39;OZVARDAR GLASS qui ont une relation avec les actifs informationnels couverts par la cible du syst\u00e8me de gestion de la s\u00e9curit\u00e9 de l&#39;information sont responsables de la mise en \u0153uvre de cette politique et b\u00e9n\u00e9ficieront du soutien de la direction d&#39;OZVARDAR GLASS qui a approuv\u00e9 la politique.<\/span><\/p>\n<p>[\/et_pb_blurb][et_pb_divider color=&#8221;rgba(1,163,152,0.82)&#8221; divider_weight=&#8221;3px&#8221; _builder_version=&#8221;4.6.0&#8243; _module_preset=&#8221;default&#8221; width=&#8221;90%&#8221; module_alignment=&#8221;center&#8221; custom_margin=&#8221;5%||5%||false|false&#8221;][\/et_pb_divider][et_pb_blurb title=&#8221;PRIVACY POLICY OBJECTIVES&#8221; use_icon=&#8221;on&#8221; font_icon=&#8221;%%75%%&#8221; content_max_width=&#8221;90%&#8221; use_icon_font_size=&#8221;on&#8221; icon_font_size=&#8221;79px&#8221; _builder_version=&#8221;4.6.0&#8243; _module_preset=&#8221;default&#8221; header_font=&#8221;Oswald||||||||&#8221; header_font_size=&#8221;42px&#8221; body_font=&#8221;Oswald|300|||||||&#8221; body_font_size=&#8221;19px&#8221; body_letter_spacing=&#8221;0.05em&#8221;]<\/p>\n<ul>\n<li>D\u00e9terminer la valeur des actifs informationnels gr\u00e2ce \u00e0 une \u00e9valuation appropri\u00e9e des risques, leurs faiblesses et menaces qui pourraient les mettre en danger, et r\u00e9duire les risques \u00e0 des niveaux acceptables.<\/li>\n<li>Satisfaire aux exigences des lois par la conception, la mise en \u0153uvre et la maintenance du syst\u00e8me de gestion de la s\u00e9curit\u00e9 de l&#39;information.<\/li>\n<li>Prot\u00e9ger la cr\u00e9dibilit\u00e9 de l&#39;institution et son image.<\/li>\n<li>Se conformer \u00e0 toutes les conditions du contrat client concernant la s\u00e9curit\u00e9 de l&#39;information.<\/li>\n<li>Assurer la continuit\u00e9 des activit\u00e9s de l&#39;\u00e9tablissement.<\/li>\n<li>Assurer et maintenir la conformit\u00e9 TS ISO IEC 27001.<\/li>\n<\/ul>\n<p>[\/et_pb_blurb][et_pb_divider color=&#8221;rgba(1,163,152,0.82)&#8221; divider_weight=&#8221;3px&#8221; _builder_version=&#8221;4.6.0&#8243; _module_preset=&#8221;default&#8221; width=&#8221;90%&#8221; module_alignment=&#8221;center&#8221; custom_margin=&#8221;5%||5%||false|false&#8221;][\/et_pb_divider][et_pb_blurb title=&#8221;RESPONSIBILITIES AND SANCTIONS&#8221; use_icon=&#8221;on&#8221; font_icon=&#8221;%%75%%&#8221; content_max_width=&#8221;90%&#8221; use_icon_font_size=&#8221;on&#8221; icon_font_size=&#8221;79px&#8221; _builder_version=&#8221;4.6.0&#8243; _module_preset=&#8221;default&#8221; header_font=&#8221;Oswald||||||||&#8221; header_font_size=&#8221;42px&#8221; body_font=&#8221;Oswald|300|||||||&#8221; body_font_size=&#8221;19px&#8221; body_letter_spacing=&#8221;0.05em&#8221;]<\/p>\n<p><span>La direction d&#39;OZVARDAR GLASS cr\u00e9e, assure et r\u00e9vise cette politique. Tous les employ\u00e9s d&#39;OZVARDAR GLASS sont responsables du respect de cette politique et des proc\u00e9dures et instructions qui appuient cette politique. Administration; Dans le cas o\u00f9 la politique, la proc\u00e9dure et les instructions \u00e9tablies dans le cadre du syst\u00e8me de gestion de la s\u00e9curit\u00e9 de l&#39;information ne sont pas suivies, l&#39;institution appliquera une ou plusieurs des sanctions telles que l&#39;avertissement, la r\u00e9primande, les amendes et la r\u00e9siliation du contrat.<\/span><\/p>\n<p><span>En cas de violation des politiques de s\u00e9curit\u00e9 et d&#39;exploitation d&#39;OZVARDAR GLASS par le personnel, les mesures disciplinaires n\u00e9cessaires sont prises par la direction d&#39;OZVARDAR GLASS. Si OZVARDAR GLASS ou les personnes qu&#39;elle fournit des services sont l\u00e9s\u00e9s de quelque mani\u00e8re que ce soit en raison de telles violations, la direction d&#39;OZVARDAR GLASS peut indemniser le personnel responsable pour les dommages.<\/span><\/p>\n<p><span>OZVARDAR GLASS est soumis \u00e0 toute action d\u00e9lib\u00e9r\u00e9e, sanction disciplinaire et \/ ou pr\u00e9caution l\u00e9gale pouvant mettre en danger la s\u00e9curit\u00e9 des informations appartenant \u00e0 ses clients ou fournisseurs.<\/span><\/p>\n<p><span>Le responsable de la s\u00e9curit\u00e9 de l&#39;information soutient la mise en \u0153uvre de cette politique par le biais de normes et de proc\u00e9dures appropri\u00e9es. OZVARDAR GLASS Information Security Board met \u00e0 jour l&#39;infrastructure du SMSI et assure sa continuit\u00e9.<\/span><\/p>\n<p><span>Tout le personnel et les fournisseurs sous contrat sont soumis \u00e0 la politique de s\u00e9curit\u00e9 des informations. Tout le personnel est responsable de signaler les incidents de s\u00e9curit\u00e9 et de signaler les points faibles d\u00e9tect\u00e9s.<\/span><\/p>\n<p>[\/et_pb_blurb][et_pb_divider color=&#8221;rgba(1,163,152,0.82)&#8221; divider_weight=&#8221;3px&#8221; _builder_version=&#8221;4.6.0&#8243; _module_preset=&#8221;default&#8221; width=&#8221;90%&#8221; module_alignment=&#8221;center&#8221; custom_margin=&#8221;5%||5%||false|false&#8221;][\/et_pb_divider][et_pb_blurb title=&#8221;REVIEW&#8221; use_icon=&#8221;on&#8221; font_icon=&#8221;%%75%%&#8221; content_max_width=&#8221;90%&#8221; use_icon_font_size=&#8221;on&#8221; icon_font_size=&#8221;79px&#8221; _builder_version=&#8221;4.6.0&#8243; _module_preset=&#8221;default&#8221; header_font=&#8221;Oswald||||||||&#8221; header_font_size=&#8221;42px&#8221; body_font=&#8221;Oswald|300|||||||&#8221; body_font_size=&#8221;19px&#8221; body_letter_spacing=&#8221;0.05em&#8221;]<\/p>\n<p><span>Cette politique est revue r\u00e9guli\u00e8rement une fois par an par le Conseil de S\u00e9curit\u00e9 de l&#39;Information d&#39;OZVARDAR GLASS, en tenant compte des importantes faiblesses et menaces de s\u00e9curit\u00e9, sur la base des contr\u00f4les li\u00e9s au processus ou aux changements d&#39;infrastructure technique. Cette politique r\u00e9vis\u00e9e et mise \u00e0 jour est approuv\u00e9e par OZVARDAR GLASS Management. Cette politique r\u00e9vis\u00e9e et mise \u00e0 jour est approuv\u00e9e par OZVARDAR GLASS Management\u2026.<\/span><\/p>\n<p><span>En tant que OZVARDAR GLASS Management, <\/span><strong>&quot;Politique de s\u00e9curit\u00e9 des informations sur le verre Ozvardar&quot;<\/strong><span> Je d\u00e9clare par la pr\u00e9sente que la direction soutient la mise en \u0153uvre, le contr\u00f4le et l&#39;application des sanctions n\u00e9cessaires en cas de violation de la s\u00e9curit\u00e9.<\/span><\/p>\n<p>[\/et_pb_blurb][\/et_pb_column][\/et_pb_row][\/et_pb_section][et_pb_section fb_built=&#8221;1&#8243; disabled_on=&#8221;on|on|off&#8221; _builder_version=&#8221;4.4.9&#8243; background_color=&#8221;#01a398&#8243; custom_padding=&#8221;55px||55px||true|false&#8221; box_shadow_style=&#8221;preset6&#8243; box_shadow_color=&#8221;#016855&#8243; box_shadow_position=&#8221;outer&#8221; global_module=&#8221;1174&#8243; saved_tabs=&#8221;all&#8221;][et_pb_row column_structure=&#8221;1_4,1_4,1_4,1_4&#8243; use_custom_gutter=&#8221;on&#8221; gutter_width=&#8221;1&#8243; _builder_version=&#8221;4.4.6&#8243; custom_padding=&#8221;0px||0px||false|false&#8221;][et_pb_column type=&#8221;1_4&#8243; _builder_version=&#8221;4.4.4&#8243;][et_pb_blurb title=&#8221;OZVARDAR GLASS&#8221; use_icon=&#8221;on&#8221; font_icon=&#8221;%%236%%&#8221; icon_color=&#8221;#ffffff&#8221; module_class=&#8221;altbant&#8221; _builder_version=&#8221;4.5.7&#8243; header_font=&#8221;Oswald|200|||||||&#8221; body_font=&#8221;Oswald||||||||&#8221; body_font_size=&#8221;13px&#8221; body_line_height=&#8221;1.5em&#8221; body_link_font=&#8221;Oswald|200|||||||&#8221; body_link_text_color=&#8221;#ffffff&#8221; body_link_letter_spacing=&#8221;1px&#8221; body_link_line_height=&#8221;2em&#8221; background_layout=&#8221;dark&#8221; header_text_shadow_style=&#8221;preset1&#8243; body_link_text_shadow_style=&#8221;preset1&#8243; text_shadow_style=&#8221;preset1&#8243; text_shadow_color=&#8221;#000000&#8243;]<\/p>\n<p><a href=\"https:\/\/www.ozvardarcam.com\/fr\/?lang=en\">DOMICILE<\/a><\/p>\n<p>[\/et_pb_blurb][\/et_pb_column][et_pb_column type=&#8221;1_4&#8243; _builder_version=&#8221;4.4.4&#8243;][et_pb_blurb title=&#8221;OUR COMPANY&#8221; use_icon=&#8221;on&#8221; font_icon=&#8221;%%161%%&#8221; icon_color=&#8221;#ffffff&#8221; module_class=&#8221;altbant&#8221; _builder_version=&#8221;4.4.7&#8243; header_font=&#8221;Oswald|200|||||||&#8221; body_font=&#8221;Oswald||||||||&#8221; body_font_size=&#8221;13px&#8221; body_line_height=&#8221;1.5em&#8221; body_link_font=&#8221;Oswald|200|||||||&#8221; body_link_text_color=&#8221;#ffffff&#8221; body_link_letter_spacing=&#8221;1px&#8221; body_link_line_height=&#8221;2em&#8221; background_layout=&#8221;dark&#8221; header_text_shadow_style=&#8221;preset1&#8243; body_link_text_shadow_style=&#8221;preset1&#8243; text_shadow_style=&#8221;preset1&#8243; text_shadow_color=&#8221;#000000&#8243;]<a href=\"https:\/\/www.ozvardarcam.com\/fr\/about-us\/?lang=en\">\u00c0 PROPOS DE NOUS<\/a><br \/><a href=\"https:\/\/www.ozvardarcam.com\/fr\/tour\/?lang=en\">TOUR<\/a><br \/><a href=\"https:\/\/www.ozvardarcam.com\/fr\/sustainability\/?lang=en\">DURABILIT\u00c9<\/a><br \/><a href=\"https:\/\/www.ozvardarcam.com\/fr\/our-brands\/?lang=en\">NOS MARQUES<\/a><br \/><a href=\"\/fr\/\">COLLECTE<\/a>[\/et_pb_blurb][\/et_pb_column][et_pb_column type=&#8221;1_4&#8243; _builder_version=&#8221;4.4.4&#8243;][et_pb_blurb title=&#8221;PRODUCT PORTFOLIO&#8221; use_icon=&#8221;on&#8221; font_icon=&#8221;%%114%%&#8221; icon_color=&#8221;#ffffff&#8221; module_class=&#8221;altbant&#8221; _builder_version=&#8221;4.6.0&#8243; header_font=&#8221;Oswald|200|||||||&#8221; body_font=&#8221;Oswald||||||||&#8221; body_font_size=&#8221;13px&#8221; body_line_height=&#8221;1.5em&#8221; body_link_font=&#8221;Oswald|200|||||||&#8221; body_link_text_color=&#8221;#ffffff&#8221; body_link_letter_spacing=&#8221;1px&#8221; body_link_line_height=&#8221;2em&#8221; background_layout=&#8221;dark&#8221; header_text_shadow_style=&#8221;preset1&#8243; body_link_text_shadow_style=&#8221;preset1&#8243; text_shadow_style=&#8221;preset1&#8243; text_shadow_color=&#8221;#000000&#8243;]<\/p>\n<p><a href=\"https:\/\/www.ozvardarcam.com\/fr\/product-portfolio\/?lang=en\">PORTEFEUILLE DE PRODUITS<\/a><\/p>\n<p>[\/et_pb_blurb][\/et_pb_column][et_pb_column type=&#8221;1_4&#8243; _builder_version=&#8221;4.4.4&#8243;][et_pb_blurb title=&#8221;CONTACT&#8221; use_icon=&#8221;on&#8221; font_icon=&#8221;%%132%%&#8221; icon_color=&#8221;#ffffff&#8221; module_class=&#8221;altbant&#8221; _builder_version=&#8221;4.4.6&#8243; header_font=&#8221;Oswald|200|||||||&#8221; body_font=&#8221;Oswald||||||||&#8221; body_font_size=&#8221;13px&#8221; body_line_height=&#8221;1.5em&#8221; body_link_font=&#8221;Oswald|200|||||||&#8221; body_link_text_color=&#8221;#ffffff&#8221; body_link_letter_spacing=&#8221;1px&#8221; body_link_line_height=&#8221;2em&#8221; background_layout=&#8221;dark&#8221; header_text_shadow_style=&#8221;preset1&#8243; body_link_text_shadow_style=&#8221;preset1&#8243; text_shadow_style=&#8221;preset1&#8243; text_shadow_color=&#8221;#000000&#8243;]<\/p>\n<p><a href=\"https:\/\/www.ozvardarcam.com\/fr\/contact\/?lang=en\">CONTACT<\/a><br \/> <a href=\"https:\/\/www.facebook.com\/ozvardarcam\/\">FACEBOOK<\/a><br \/> <a href=\"https:\/\/www.instagram.com\/ozvardar.glass\/\">INSTAGRAM<\/a><br \/> <a href=\"https:\/\/www.linkedin.com\/company\/37557142\/\">LINKEDIN<\/a><\/p>\n<p>[\/et_pb_blurb][\/et_pb_column][\/et_pb_row][\/et_pb_section]<\/p>","protected":false},"excerpt":{"rendered":"<p>[et_pb_section fb_built=&#8221;1&#8243; fullwidth=&#8221;on&#8221; _builder_version=&#8221;4.6.0&#8243; _module_preset=&#8221;default&#8221;][et_pb_fullwidth_header title=&#8221;PRIVACY POLICY&#8221; subhead=&#8221;What is our privacy policy? What personal information do we collect for what purpose? you can find answers to your questions like here.&#8221; text_orientation=&#8221;center&#8221; header_fullscreen=&#8221;on&#8221; header_scroll_down=&#8221;on&#8221; scroll_down_icon=&#8221;%%2%%&#8221; background_overlay_color=&#8221;rgba(12,113,195,0.1)&#8221; _builder_version=&#8221;4.6.0&#8243; _module_preset=&#8221;default&#8221; title_font=&#8221;Oswald|500|||||||&#8221; title_font_size=&#8221;80px&#8221; title_letter_spacing=&#8221;0.05em&#8221; title_line_height=&#8221;1.5em&#8221; content_font=&#8221;|600|||||||&#8221; content_text_color=&#8221;rgba(0,0,0,0.4)&#8221; subhead_font=&#8221;Oswald||||||||&#8221; subhead_font_size=&#8221;20px&#8221; subhead_letter_spacing=&#8221;0.05em&#8221; subhead_line_height=&#8221;1.9em&#8221; background_enable_color=&#8221;off&#8221; background_image=&#8221;https:\/\/www.ozvardarcam.com\/wp-content\/uploads\/gizlilik_ilkesi.jpg&#8221; background_layout=&#8221;light&#8221;][\/et_pb_fullwidth_header][\/et_pb_section][et_pb_section fb_built=&#8221;1&#8243; _builder_version=&#8221;4.6.0&#8243; _module_preset=&#8221;default&#8221; background_color=&#8221;#e8ffff&#8221;][et_pb_row _builder_version=&#8221;4.6.0&#8243; [&hellip;]<\/p>","protected":false},"author":1,"featured_media":0,"parent":0,"menu_order":0,"comment_status":"closed","ping_status":"closed","template":"","meta":{"_et_pb_use_builder":"on","_et_pb_old_content":"","_et_gb_content_width":""},"_links":{"self":[{"href":"https:\/\/www.ozvardarcam.com\/fr\/wp-json\/wp\/v2\/pages\/2642"}],"collection":[{"href":"https:\/\/www.ozvardarcam.com\/fr\/wp-json\/wp\/v2\/pages"}],"about":[{"href":"https:\/\/www.ozvardarcam.com\/fr\/wp-json\/wp\/v2\/types\/page"}],"author":[{"embeddable":true,"href":"https:\/\/www.ozvardarcam.com\/fr\/wp-json\/wp\/v2\/users\/1"}],"replies":[{"embeddable":true,"href":"https:\/\/www.ozvardarcam.com\/fr\/wp-json\/wp\/v2\/comments?post=2642"}],"version-history":[{"count":0,"href":"https:\/\/www.ozvardarcam.com\/fr\/wp-json\/wp\/v2\/pages\/2642\/revisions"}],"wp:attachment":[{"href":"https:\/\/www.ozvardarcam.com\/fr\/wp-json\/wp\/v2\/media?parent=2642"}],"curies":[{"name":"wp","href":"https:\/\/api.w.org\/{rel}","templated":true}]}}