{"id":39,"date":"2020-04-05T10:14:51","date_gmt":"2020-04-05T10:14:51","guid":{"rendered":"http:\/\/www.ozvardarcam.com.tr\/?page_id=39"},"modified":"2021-11-10T11:22:32","modified_gmt":"2021-11-10T11:22:32","slug":"ana-sayfa","status":"publish","type":"page","link":"https:\/\/www.ozvardarcam.com\/en\/","title":{"rendered":"Home page"},"content":{"rendered":"<p>[et_pb_section fb_built=\u201d1\u2033 fullwidth=\u201don\u201d admin_label=\u201dSlider\u201d _builder_version=\u201d4.4.3\u2033 background_color=\u201d#016968\u2033][et_pb_fullwidth_slider show_pagination=\u201doff\u201d show_image_video_mobile_g=\u201don\u201d use\u201d #3874ff\u201d admin_label=\u201dMain Slider\u201d _builder_version=\u201d4.5.7\u2033 background_enable_color=\u201doff\u201d width=\u201d100%\u201d content_width=\u201dauto\u201d height=\u201d600px\u201d auto=\u201don\u201d auto_ignore_hover=\u201don\u201d hover_transition_duration=\u201d100ms\u201d hover_transition_delay=\u201d10ms\u201d box_shadow_style=\u201dpreset6\u2033 box_shadow_color=\u201drgba(1,105,104,0.3)\u201d][et_pb_slide _builder_version=\u201d4.4.3\u2033 header_level=\u201dh1\u2033 header_font=\u201dRoboto|700|||||||\u201d background_image=\u201dhttps:\/\/www.ozvardarcam.com\/wp-content\/uploads\/ana_slider_1080x500.jpg\u201d background_enable_image=\u201don\u201d sticky_transition=\u201don\u201d][\/et_pb_slide][et_pb_slide _builder_version=\u201d4.4.3\u2033 background_enable_color off\u201d background_image=\u201dhttps:\/\/www.ozvardarcam.com\/wp-content\/uploads\/ana_slider2_1080x500.jpg\u201d background_enable_image=\u201don\u201d background_position=\u201dcenter_left\u201d background_last_edited=\u201doff|tablet\u201d background_position_tablet=\u201dcenter_left\u201d sticky_transition=\u201d on\u201d][\/et_pb_slide][et_pb_slide _builder_version=\u201d4.5.7\u2033 background_enable_color=\u201doff\u201d background_image=\u201dhttps:\/\/www.ozvardarcam.com\/wp-content\/uploads\/main_slider3.jpg\u201d background_enable_image=\u201don\u201d background_position =\u201dbottom_center\u201d background_last_edited=\u201doff|tablet\u201d background_position_tablet=\u201dcenter_left\u201d sticky_transition=\u201don\u201d][\/et_pb_slide][et_pb_slide _builder_version=\u201d4.5.7\u2033 background_enable_color=\u201doff\u201d background_image=\u201dvarscams:\/\/www. .com\/wp-content\/uploads\/main_slider4.jpg\u201d background_enable_image=\u201don \u201d background_position=\u201dbottom_center\u201d background_last_edited=\u201doff|tablet\u201d background_position_tablet=\u201dcenter_left\u201d sticky_transition=\u201don\u201d][\/et_pb_slide][\/et_pb_fullwidth_slider][\/et_pb_tablet=\u201dcenter_left\u201d sticky_transition=\u201don\u201d][\/et_pb_fullwidth_slider][\/et_pb_label=\u201dsection_\u201dfb\u2033 \u201dabout_us4\u2033 _builder_version=\u201d4.4.3\u2033 background_color=\u201d#d8f0fa\u201d custom_padding=\u201d110px||110px||true|false\u201d][et_pb_row column_structure=\u201d1_2,1_2\u2033 use_custom_gutter=\u201don\u201d gutter_width=&quot;1 make&quot; \u201don\u201d _builder_version=\u201d4.5.7\u2033 background_color=\u201d#d8f0fa\u201d width=\u201d90%\u201d max_width=\u201d1200px\u201d custom_padding=\u201d0px||0px|||\u201d box_shadow_style=\u201dpreset3\u2033 box_shadow_vertical=\u201d110px\u201d box_shadow_blur=\u201d130px\u201d box_shadow_spread=\u201d-50px\u201d box_shadow_color=\u201d#01a398\u2033][et_pb_column type=\u201d1_2\u2033 _builder_version=\u201d4.5.7\u2033 background_image=\u201dhttps:\/\/ ozvardarcam.com\/wp-content\/uploads\/ozvardarcam_fabrika-1.jpg\u201d box_shadow_style=\u201dpreset3\u2033][et_pb_divider show_divider=\u201doff\u201d _builder_version=\u201d4.6.6\u2033 min_height_tablet=\u201d200px\u201d min_height_phone=\u201d200px\u201d min_height_laston_edit |desktop\u201d][\/et_pb_divider][et_pb_divider show_divider=\u201doff\u201d _builder_version=\u201d4.4.3\u2033 height_tablet=\u201d\u201d height_phone=\u201d107px\u201d height_last_edited=\u201don|phone\u201d][\/et_pb_divider][\/et_pb_column_column typen_p =\u201d1_2\u2033 _builder_version=\u201d3.26.6\u2033 custom_padding=\u201d5vw|40px|5vw|40px|true|true\u201d custom_padding_tablet=\u201d|||8vw|40px|false|false\u201d custom_padding_phone=\u201d\u201d custom_padding_last_edited=\u201don|desktop\u201d ][et_pb_text _builder_version=\u201d4.6.6\u2033 text_font=\u201d|300|||||||\u201d header_2_font=\u201dOswald|200||on|||||\u201d header_2_text_color=\u201drgba(0,0,0,0.13)\u201d header_2_font_size=\u201d72px\u201d header_2_line_height=\u201d1.2em\u201d header_4_font=\u201dMontserrat||||||||\u201d header_4_font_size=\u201d30px\u201d custom_margin=\u201d|||-16px|false|false\u201d filter_opacity=\u201d80%\u201d header_2_font_size_tablet=\u201d\u201d header_2_font_size_phone=\u201d45px\u201d header_2_font_size_last_edited=\u201don|desktop\u201d border_gba(0,0,\u201dr 0)\u201d]<\/p>\n<h2>About us<\/h2>\n<p>[\/et_pb_text][et_pb_text _builder_version=\u201d4.5.7\u2033 text_font=\u201dOswald|300|||||||\u201d text_font_size=\u201d16px\u201d text_letter_spacing=\u201d1px\u201d text_line_height=\u201d1.8em\u201d header_2_font=\u201dCardo|700|||||||\u201d header_2_text_color=\u201d#000000\u2033 header_2_font_size=\u201d72px\u201d header_2_line_height=\u201d1.2em\u201d header_4_font=\u201dOswald|300||on|||||\u201d header_4_text_color=\u201d#01a398\u2033 header_4_font_size=\u201d30px\u201d header_4_line_height=\u201d1.4em\u201d text_orientation=\u201djustified\u201d header_2_font_size_tablet=\u201d48px\u201d header_2_font_size_phone=\u201d36px\u201d header_2_font_size_last_table_font_sizepx\u201d22_table_font_font_last4\u201d \u201don|desktop\u201d]<\/p>\n<h4>Factory Establishment<\/h4>\n<p>It was founded in 1952 by Camc\u0131 Dilaver Vardarer in Manisa. The first year in retail glass sale and purchase makes our company in 1965. &quot;Turkey Sise Cam&quot; has raised the volume became the dealer of the factory, in 2001 the Manisa Organized Industrial Zone in 16,000 square meters of land on the 12,000 square meters of indoor space to operate the production facility spend ...<\/p>\n<p>[\/et_pb_text][\/et_pb_column][\/et_pb_row][et_pb_row column_structure=\u201d1_2,1_2\u2033 use_custom_gutter=\u201don\u201d gutter_width=\u201d1\u2033 _builder_version=\u201d3.27.3\u2033 width=\u201d90%\u201d max_width\u201dmax_width=\u201d &quot;0px || 0px |||&quot;] [et_pb_column type = &quot;1_2&quot; _builder_versio&#39;s = &quot;3.26.6&quot;] [et_pb_butto the button_url = &quot;@ ET-DC @ eyjkew5hbwlj\u0131jp0cnvllcjjb250zw50\u0131joicg9zdf9saw5rx3vybf9wywdl\u0131iwic2v0dgluz3mionsicg9zdf9pzc\u01316\u0131je3mduifx0 = @&quot; BUTTON_TEXT = &quot;read ahead&quot; button_alignment = &quot;right&quot; button_alignment_tablet=\u201dleft\u201d button_alignment_last_edited=\u201doff|tablet\u201d _builder_version=\u201d4.5.6\u2033 _dynamic_attributes=\u201dbutton_url\u201d custom_button=\u201don\u201d button_text_size=\u201d16px\u201d button_bg_color=&quot;#016855\u2033 button_border_color=0,0&quot; 0)\u201d button_border_radius=\u201d0px\u201d button_letter_spacing=\u201d2px\u201d button_font=\u201dOswald|||on|||||\u201d button_icon=\u201d%%3%%\u201d background_layout=\u201ddark\u201d custom_padding=\u201d50px|40px|50px|40px|true|true\u201d button_letter_spacing__hover_enabled=\u201don|desktop\u201d button_letter_spacing_hover__spacing[] \u201d1_2\u2033 _builder_version=\u201d3.26.6\u2033][\/et_pb_column][\/et_pb_row][\/et_pb_section][et_pb_section fb_built=\u201d1\u2033 admin_label=\u201d#about_us4\u2033 _builder_version=\u201d4.4.9\u20333.4.4.9\u2033 background_Teff\u201d\u201dTP custom color=\u201d1 110px||110px|\u201d box_shadow_style=\u201dpreset6\u2033 box_shadow_color=\u201drgba(1,105,104,0.3)\u201d collapsed=\u201doff\u201d][et_pb_row column_structure=\u201d1_4.1_2.1_4\u2033 _builder_version=\u201d4.4.9\u2033 custom_padding=\u201d||||false|false\u201d ][et_pb_column type=\u201d1_4\u2033 _builder_version=\u201d3.25\u2033 custom_padding=\u201d|||\u201d custom_padding__hover=\u201d|||\u201d][\/et_pb_column][et_pb_column type=\u201d1_2\u2033 _builder_version=\u201d3.25\u2033 custom_padding=&quot;|||&quot; custom_padding__hover=\u201d|||\u201d][et_pb_text _builder_version=\u201d4.4.6\u2033 text_font=\u201d||||||||\u201d header_font=&quot;||||||||&quot; header_2_font=\u201dOswald|600||on|||||\u201d header_2_text_align=\u201dcenter\u201d header_2_font_size=\u201d30px\u201d header_2_letter_spacing=\u201d2px\u201d header_2_line_height=\u201d1.2em\u201d module_alignment=\u201dcenter\u201d min_height=\u201d48px\u201d custom_margin=&quot;||10px|&quot; custom_padding=&quot;|||&quot; animation_style=&quot;fade&quot; locked=&quot;off&quot;]<\/p>\n<h2>Our Brands<\/h2>\n<p>[\/et_pb_text][et_pb_divider color=\u201d#016855\u2033 divider_weight=\u201d2px\u201d disabled_on=\u201doff|off|off\u201d _builder_version=\u201d4.4.3\u2033 max_width=\u201d100px\u201d module_alignment=\u201dcenter\u201d height=\u201d2px\u201d custom_margin=\u201d |||\u201d custom_padding=&quot;|||&quot; animation_style=&quot;fade&quot; custom_css_main_element=&quot;||&quot; locked=\u201doff\u201d][\/et_pb_divider][et_pb_text _builder_version=\u201d4.5.7\u2033 text_font=\u201dOswald|300|||||||\u201d text_font_size=\u201d16px\u201d text_letter_spacing=\u201d2px\u201d text_line_height=\u201d1.8em\u201d text_orientation=\u201dcenter\u201d max_width_tablet=&quot;\u201d max_width_phone=\u201d\u201d max_width_last_edited=\u201don|desktop\u201d custom_margin=&quot;|||&quot; animation_style=&quot;fade&quot; locked=&quot;off&quot;]Our company, which established its first brand in 1952, also supported the furniture industry and structured its brands. Browse for the brand and our related sites. [\/ Et_pb_text] [et_pb_butto the button_url = &quot;@ ET-DC @ eyjkew5hbwlj\u0131jp0cnvllcjjb250zw50\u0131joicg9zdf9saw5rx3vybf9wywdl\u0131iwic2v0dgluz3mionsicg9zdf9pzc\u01316\u0131jmxmij9fq == @&quot; BUTTON_TEXT = &quot;Brands&quot; button_alignment = &quot;center&quot; _builder_versio the = &quot;4.5.6&quot; _dynamic_attributes = &quot;button_url&quot; custom_butto the = &quot; on\u201d button_text_size=\u201d16px\u201d button_text_color=\u201drgba(0,0,0,0.5)\u201d button_border_width=\u201d1.5px\u201d button_border_radius=\u201d0px\u201d button_letter_spacing=\u201d2px\u201d button_font=\u201dOswald|||on||||| \u201d][\/et_pb_button][\/et_pb_column][et_pb_column type=\u201d1_4\u2033 _builder_version=\u201d3.25\u2033 custom_padding=&quot;|||&quot; custom_padding__hover=\u201d|||\u201d][\/et_pb_column][\/et_pb_row][et_pb_row column_structure=\u201d1_3,1_3,1_3\u2033 use_custom_gutter=\u201don\u201d gutter_width=\u201d4\u2033 _builder_version=\u201d4.4.9\u2033 width_tablet=\u201d501 =\u201d71%\u201d width_last_edited=\u201don|phone\u201d custom_margin_tablet=\u201d||||false|false\u201d custom_margin_phone=\u201d\u201d custom_margin_last_edited=\u201don|tablet\u201d custom_padding=\u201d||||false|false\u201d custom_css_main_element=\u201ddisplay: flex ;\u201d width__hover_enabled=\u201doff|desktop\u201d][et_pb_column type=\u201d1_3\u2033 _builder_version=\u201d4.4.9\u2033][et_pb_image src=\u201dhttps:\/\/www.ozvardarcam.com\/wp-content\/uploads\/vogues-tv-stands- logo.jpg\u201d title_text=\u201dvogues-tv-stands-logo\u201d url=\u201dhttp:\/\/www.vogues.tv\u201d _builder_version=\u201d4.4.9\u2033][\/et_pb_image][\/et_pb_column][et_pb_column type=&quot;1_3 \u2033 _builder_version=\u201d3.25\u2033 custom_padding=\u201d|||\u201d custom_padding__hover=\u201d|||\u201d][et_pb_image src=\u201dhttps:\/\/www.ozvardarcam.com\/wp-content\/uploads\/bagnotti_logo2.jpg\u201d title_text=\u201dbagnotti_logo2\u2033 url=\u201dhttp:\/\/www.bagnotti.com \/\u201d _builder_version=\u201d4.6.5\u2033 mix_blend_mode=\u201dmultiply\u201d][\/et_pb_image][\/et_pb_column][et_pb_column type=\u201d1_3\u2033 _builder_version=\u201d4.4.9\u2033][et_pb_image src=\u201dhttpscam:\/\/www.ozvar .com\/wp-content\/uploads\/vogues-kitchen-logo-dik.jpg\u201d title_text=\u201dvogues-kitchen-logo-dik\u201d url=\u201dhttp:\/\/www.voguesproject.com\u201d _builder_version=\u201d4.4.9\u2033 ][\/et_pb_image][\/et_pb_column][\/et_pb_row][\/et_pb_section][et_pb_section fb_built=\u201d1\u2033 admin_label=\u201d#about_us4\u2033 _builder_version=\u201d4.4.9\u2033 background_pb_section=\u201d1TP3\u201d|\u201d110px|1TP3\u201d custom=\u201dcolorpa|1100fa collapsed=\u201doff\u201d][et_pb_row column_structure=\u201d1_2.1_2\u2033 make_equal=\u201don\u201d _builder_version=\u201d4.4.8\u2033 custom_margin=\u201d||||false|false\u201d custom_padding=\u201d0px||0px|\u201d box_shadow_style=\u201dpreset3\u2033 box_shadow_vertical=\u201d40px\u201d box_shadow_blur=\u201d50px\u201d box_shadow_color=&quot;rgba(0,0,0,0.1)&quot; locked=&quot;off&quot;][et_pb_column type=&quot;1_2\u2033 _builder_version=&quot;4.4.7\u2033 use_background_color_gradient =\u201don\u201d background_color_gradient_start=\u201d#0e76ed\u201d background_color_gradient_end=\u201d#0fadfc\u201d background_color_gradient_direction=\u201d35deg\u201d custom_padding=\u201d|5%||5%\u201d custom_padding__hover=\u201d|||\u201d][et_rc.comb&quot;_image \/wp-content\/uploads\/responsibility3-900PX.png\u201d alt=\u201dglass, factory, equity\u201d title_text=\u201dsustainability\u201d align=\u201dcenter\u201d align_tablet=\u201dcenter\u201d align_phone=\u201d\u201d align_last_edited=\u201don|desktop\u201d _builder_version= \u201d4.5.7\u2033 custom_margin=\u201d-20px||-20px|\u201d custom_padding=\u201d20px||20px||false|false\u201d animation_style=\u201dzoom\u201d animation_direction=\u201dleft\u201d animation_intensity_zoom=\u201d10%\u201d animation_starting_opacity=\u201d100%\u201d][\/et_pb_image][\/et_pb_column][et_pb_version_builder2\u2033 =&quot;3.25\u2033 custom_padding=\u201d40px|40px|40px|40px\u201d custom_padding__hover=\u201d|||\u201d][et_pb_text _builder_version=\u201d4.5.6\u2033 header_font=&quot;||||||||&quot; header_2_font=\u201dOswald|600||on|||||\u201d header_2_text_align=\u201dcenter\u201d header_2_font_size=\u201d30px\u201d header_2_letter_spacing=\u201d2px\u201d header_2_line_height=\u201d1.2em\u201d header_3_font=\u201dOswald||||||||\u201d header_3_font_size=\u201d30px\u201d custom_margin=\u201d||10px|\u201d]<\/p>\n<h3>SUSTAINABILITY<\/h3>\n<p>[\/et_pb_text][et_pb_divider color=\u201d#f7d584\u2033 divider_weight=\u201d3px\u201d disabled_on=\u201don|on|off\u201d _builder_version=\u201d3.2\u2033 max_width=\u201d80px\u201d module_alignment=\u201dleft\u201d height=\u201d10px\u201d custom_margin=\u201d|| 20px|\u201d animation_style=\u201dslide\u201d animation_direction=\u201dbottom\u201d saved_tabs=\u201dall\u201d locked=\u201doff\u201d][\/et_pb_divider][et_pb_text _builder_version=&quot;4.5.8\u2033 text_font=&quot;Oswald|300|||||||&quot; text_text_color=\u201drgba(0,0,0,0.4)\u201d text_font_size=\u201d16px\u201d text_letter_spacing=\u201d2px\u201d text_line_height=\u201d1.9em\u201d header_font=&quot;||||||||&quot; header_2_font=&quot;||||||||&quot; module_alignment=&quot;center&quot; custom_margin=&quot;||30px|&quot;]<\/p>\n<p><span>In industrialization countries, more environmental pollution occurs compared to developed and undeveloped countries. This further increases the global warming problem. Since it is among the developing countries in our country, it is faced with an environmental pollution problem. More production in order to meet the increasing consumption demand, on the other hand, causes a higher amount of uncontrolled solid, liquid and gas waste from the industry.<\/span><\/p>\n<p>[\/ Et_pb_text] [et_pb_butto the button_url = &quot;@ ET-DC @ eyjkew5hbwlj\u0131jp0cnvllcjjb250zw50\u0131joicg9zdf9saw5rx3vybf9wywdl\u0131iwic2v0dgluz3mionsicg9zdf9pzc\u01316\u0131jmxncj9fq == @&quot; BUTTON_TEXT = &quot;MORE&quot; _builder_versio&#39;s = &quot;4.5.6&quot; _dynamic_attributes = &quot;button_url&quot; custom_butto&#39;s = &quot;on&quot; button_text_siz A = &quot;16px&quot; button_text_col R = &quot; #ffffff\u201d button_bg_color=\u201d#0c71c3\u2033 button_border_width=\u201d0px\u201d button_border_radius=\u201d2px\u201d button_letter_spacing=\u201d2px\u201d button_font=\u201dOswald|||on|||||\u201d button_icon=\u201d%%3%%\u201d custom_margin=\u201d20px|||\u201d custom_padding=\u201d12px|28px|12px|28px\u201d box_shadow_style=\u201dpreset1\u2033 box_shadow_vertical=\u201d10px\u201d box_shadow_blur=\u201d30px\u201d box_shadow_color=\u201drgba(12,113,195,0.5)\u201d button_letter_spacing_hover=\u201d2px\u201d button_text_sizedhover\u201d button_text_sized_en_text &quot;button_two_text_size__hover_enabled =&quot; off &quot;button_text_color__hover_enabled =&quot; off &quot;button_one_text_color__hover_enabled =&quot; off &quot;button_two_text_color__hover_enabled =&quot; off &quot;button_border_width__hover_enabled =&quot; off &quot;button_one_border_width__hover_enabled =&quot; off &quot;button_two_border_width__hover_enabled =&quot; off &quot;button_border_color__hover_enabled =&quot; off &quot;button_one_border_color__hover_enabled =&quot; off &quot;button_two_border_color__hover_enabled =&quot; off \u201d button_border_radius__hover_enabled=\u201doff\u201d button_one_border_radius__hover_enabled=\u201doff\u201d button_two_border_radius__hover_enabled=\u201doff\u201d button_letter_spacing__hover_enabled=\u201don|desktop\u201d button_letter_spacing_spacing__hoverle\u201d led=\u201doff\u201d button_bg_color__hover_enabled=\u201doff\u201d button_one_bg_color__hover_enabled=\u201doff\u201d button_two_bg_color__hover_enabled=\u201doff\u201d][\/et_pb_button][\/et_pb_column][\/et_pb_row__pb_row__pb_&quot;section_p&quot; =\u201doff|off|off\u201d admin_label=\u201dHero Section\u201d _builder_version=\u201d4.4.9\u2033 background_color=\u201d#c6f2f4E8FFFF\u201d custom_padding=\u201d0|0px|0px|0px\u201d box_shadow_style=\u201dpreset6\u2033 box_shadow_color=\u201drgba(1,105,104,0.3 )\u201d][et_pb_row column_structure=\u201d1_2.1_2\u2033 use_custom_gutter=\u201don\u201d module_class=\u201dcustom_row\u201d _builder_version=\u201d4.4.4\u2033 width=\u201d100%\u201d max_width=\u201d100%\u201d custom_padding=\u201d0px|0|0px|\u201d use_custom_width=\u201don\u201d width_unit=\u201doff\u201d custom_width_percent=\u201d100%\u201d][et_pb_column type=\u201d1_2\u2033 module_class=\u201dsecond-on-mobile\u201d _builder_version=\u201d4.4.4\u2033 background_color=\u201drgba(174,225,226,0.54)\u201d use =\u201don\u201d background_color_gradient_start=\u201drgba(174,225,226,0.54)\u201d background_color_gradient_end=\u201d#006150\u2033 background_color_gradient_overlays_image=\u201don\u201d background_image=\u201dhttps:\/\/www.ozvardarcam.com\/wp-content\/uploads\/ozvardar-jpg-es \u201d background_position=\u201dtop_left\u201d background_blend=\u201dmultiply\u201d custom_padding=\u201d100px||100px|\u201d custom_padding_tablet=\u201d60px||60px|\u201d custom_padding_phone=\u201d\u201d custom_padding_last_edited=\u201don|tablet\u201d filter_opacity=\u201d79%\u201d padding_tablet=\u201d60px||60px|\u201d padding_last_edited=\u201don|tablet\u201d custom_padding__hover=\u201d|||\u201d][et_pb_code _builder_version=\u201d4.6.6\u2033 _module_preset=\u201ddefault\u201d hover_enabled=\u201d0\u2033 sticky_enabled=\u201d0\u2033]<!\u2013- [et_pb_br_holder] -\u2013><!\u2013- [et_pb_br_holder] -\u2013><!\u2013- [et_pb_br_holder] -\u2013><!\u2013- [et_pb_br_holder] -\u2013><!\u2013- [et_pb_br_holder] -\u2013><!\u2013- [et_pb_br_holder] -\u2013><!\u2013- [et_pb_br_holder] -\u2013><!\u2013- [et_pb_br_holder] -\u2013><!\u2013- [et_pb_br_holder] -\u2013><!\u2013- [et_pb_br_holder] -\u2013>[\/et_pb_code][\/et_pb_column][et_pb_column type=\u201d1_2\u2033 module_class=\u201dfirst-on-mobile\u201d _builder_version=&quot;4.4.3\u2033 custom_padding=\u201d160px|4%|100px|8%\u201d custom_padding_tablet=\u201d60px|60101TP1 |10%\u201d custom_padding_phone=\u201d\u201d custom_padding_last_edited=\u201don|tablet\u201d padding_tablet=\u201d60px|10%|60px|10%\u201d padding_last_edited=\u201don|tablet\u201d custom_padding__hover=\u201d|||\u201d][et_pb_text _4.4.3version=\u201d\u2033 =&quot;||||||||&quot; header_font=&quot;||||||||&quot; header_3_font=\u201dOswald|500|||||||\u201d header_3_text_color=\u201d#01a398\u2033 header_3_font_size=\u201d20px\u201d header_3_letter_spacing=\u201d1px\u201d background_layout=\u201ddark\u201d max_width=\u201d600px\u201d module_alignment=\u201dleft\u201d custom_margin=\u201d||7px||false|false\u201d locked=&quot;off\u201d]<\/p>\n<h3>PRODUCT PORTFOLIO<\/h3>\n<p>[\/et_pb_text][et_pb_text _builder_version=\u201d4.5.7\u2033 text_font=\u201dOswald|300|||||||\u201d text_font_size=\u201d16px\u201d text_letter_spacing=\u201d2px\u201d text_line_height=\u201d1.8em\u201d header_font=&quot;||||||||&quot; header_2_font=\u201dOswald|600|||||||\u201d header_2_font_size=\u201d30px\u201d header_2_letter_spacing=\u201d1px\u201d header_2_line_height=\u201d1.4em\u201d header_3_font=\u201d||||||||\u201d max_width=&quot;600px&quot; text_orientation_tablet=&quot;center&quot; text_orientation_phone=&quot;&quot; text_orientation_last_edited=&quot;on|tablet&quot; locked=&quot;off&quot;]<\/p>\n<h2>BROWSE OUR PRODUCT RANGE<\/h2>\n<p>We offer professional solutions in all glass products with a wide range of products.<\/p>\n<p>[\/et_pb_text][\/et_pb_column][\/et_pb_row][\/et_pb_section][et_pb_section fb_built=&#8221;1&#8243; disabled_on=&#8221;on|on|off&#8221; _builder_version=&#8221;4.4.9&#8243; background_color=&#8221;#01a398&#8243; custom_padding=&#8221;55px||55px||true|false&#8221; box_shadow_style=&#8221;preset6&#8243; box_shadow_color=&#8221;#016855&#8243; box_shadow_position=&#8221;outer&#8221; global_module=&#8221;1174&#8243; saved_tabs=&#8221;all&#8221;][et_pb_row column_structure=&#8221;1_4,1_4,1_4,1_4&#8243; use_custom_gutter=&#8221;on&#8221; gutter_width=&#8221;1&#8243; _builder_version=&#8221;4.4.6&#8243; custom_padding=&#8221;0px||0px||false|false&#8221;][et_pb_column type=&#8221;1_4&#8243; _builder_version=&#8221;4.4.4&#8243;][et_pb_blurb title=&#8221;\u00d6ZVARDAR CAM&#8221; use_icon=&#8221;on&#8221; font_icon=&#8221;%%236%%&#8221; icon_color=&#8221;#ffffff&#8221; module_class=&#8221;altbant&#8221; _builder_version=&#8221;4.5.7&#8243; header_font=&#8221;Oswald|200|||||||&#8221; body_font=&#8221;Oswald||||||||&#8221; body_font_size=&#8221;13px&#8221; body_line_height=&#8221;1.5em&#8221; body_link_font=&#8221;Oswald|200|||||||&#8221; body_link_text_color=&#8221;#ffffff&#8221; body_link_letter_spacing=&#8221;1px&#8221; body_link_line_height=&#8221;2em&#8221; background_layout=&#8221;dark&#8221; header_text_shadow_style=&#8221;preset1&#8243; body_link_text_shadow_style=&#8221;preset1&#8243; text_shadow_style=&#8221;preset1&#8243; text_shadow_color=&#8221;#000000&#8243;]<\/p>\n<p><a href=\"https:\/\/www.ozvardarcam.com\/en\/\">HOME PAGE<\/a><\/p>\n<p>[\/et_pb_blurb][\/et_pb_column][et_pb_column type=&#8221;1_4&#8243; _builder_version=&#8221;4.4.4&#8243;][et_pb_blurb title=&#8221;\u015e\u0130RKET\u0130M\u0130Z&#8221; use_icon=&#8221;on&#8221; font_icon=&#8221;%%161%%&#8221; icon_color=&#8221;#ffffff&#8221; module_class=&#8221;altbant&#8221; _builder_version=&#8221;4.4.7&#8243; header_font=&#8221;Oswald|200|||||||&#8221; body_font=&#8221;Oswald||||||||&#8221; body_font_size=&#8221;13px&#8221; body_line_height=&#8221;1.5em&#8221; body_link_font=&#8221;Oswald|200|||||||&#8221; body_link_text_color=&#8221;#ffffff&#8221; body_link_letter_spacing=&#8221;1px&#8221; body_link_line_height=&#8221;2em&#8221; background_layout=&#8221;dark&#8221; header_text_shadow_style=&#8221;preset1&#8243; body_link_text_shadow_style=&#8221;preset1&#8243; text_shadow_style=&#8221;preset1&#8243; text_shadow_color=&#8221;#000000&#8243;]<a href=\"https:\/\/www.ozvardarcam.com\/en\/hakkimizda\/\">ABOUT US<\/a><br \/><a href=\"https:\/\/www.ozvardarcam.com\/en\/tur\/\">TYPE<\/a><br \/><a href=\"https:\/\/www.ozvardarcam.com\/en\/surdurulebilirlik\/\">SUSTAINABILITY<\/a><br \/><a href=\"https:\/\/www.ozvardarcam.com\/en\/markalarimiz\/\">OUR BRANDS<\/a><br \/><a href=\"\/en\/\">COLLECTION<\/a>[\/et_pb_blurb][\/et_pb_column][et_pb_column type=&#8221;1_4&#8243; _builder_version=&#8221;4.4.4&#8243;][et_pb_blurb title=&#8221;\u00dcR\u00dcN PORTFOLIO&#8221; use_icon=&#8221;on&#8221; font_icon=&#8221;%%114%%&#8221; icon_color=&#8221;#ffffff&#8221; module_class=&#8221;altbant&#8221; _builder_version=&#8221;4.6.0&#8243; header_font=&#8221;Oswald|200|||||||&#8221; body_font=&#8221;Oswald||||||||&#8221; body_font_size=&#8221;13px&#8221; body_line_height=&#8221;1.5em&#8221; body_link_font=&#8221;Oswald|200|||||||&#8221; body_link_text_color=&#8221;#ffffff&#8221; body_link_letter_spacing=&#8221;1px&#8221; body_link_line_height=&#8221;2em&#8221; background_layout=&#8221;dark&#8221; header_text_shadow_style=&#8221;preset1&#8243; body_link_text_shadow_style=&#8221;preset1&#8243; text_shadow_style=&#8221;preset1&#8243; text_shadow_color=&#8221;#000000&#8243;]<\/p>\n<p><a href=\"https:\/\/www.ozvardarcam.com\/en\/urun-portfolio\/\">OUR PRODUCT PORTFOLIO<\/a><\/p>\n<p>[\/et_pb_blurb][\/et_pb_column][et_pb_column type=&#8221;1_4&#8243; _builder_version=&#8221;4.4.4&#8243;][et_pb_blurb title=&#8221;\u0130LET\u0130\u015e\u0130M&#8221; use_icon=&#8221;on&#8221; font_icon=&#8221;%%132%%&#8221; icon_color=&#8221;#ffffff&#8221; module_class=&#8221;altbant&#8221; _builder_version=&#8221;4.4.6&#8243; header_font=&#8221;Oswald|200|||||||&#8221; body_font=&#8221;Oswald||||||||&#8221; body_font_size=&#8221;13px&#8221; body_line_height=&#8221;1.5em&#8221; body_link_font=&#8221;Oswald|200|||||||&#8221; body_link_text_color=&#8221;#ffffff&#8221; body_link_letter_spacing=&#8221;1px&#8221; body_link_line_height=&#8221;2em&#8221; background_layout=&#8221;dark&#8221; header_text_shadow_style=&#8221;preset1&#8243; body_link_text_shadow_style=&#8221;preset1&#8243; text_shadow_style=&#8221;preset1&#8243; text_shadow_color=&#8221;#000000&#8243;]<\/p>\n<p><a href=\"https:\/\/www.ozvardarcam.com\/en\/iletisim\/\">CONTACT<\/a><br \/> <a href=\"https:\/\/www.facebook.com\/ozvardarcam\/\">FACEBOOK<\/a><br \/> <a href=\"https:\/\/www.instagram.com\/ozvardar.glass\/\">INSTAGRAM<\/a><br \/> <a href=\"https:\/\/www.linkedin.com\/company\/37557142\/\">LINKEDIN<\/a><\/p>\n<p>[\/et_pb_blurb][\/et_pb_column][\/et_pb_row][\/et_pb_section]<\/p>","protected":false},"excerpt":{"rendered":"<p>\u00d6zvardar glass industry wholesale glass production, cutting, grinding, tempering of glass products, etc. <\/p>","protected":false},"author":1,"featured_media":0,"parent":0,"menu_order":0,"comment_status":"closed","ping_status":"closed","template":"","meta":{"_et_pb_use_builder":"on","_et_pb_old_content":"<!-- wp:divi\/placeholder \/-->","_et_gb_content_width":"2880"},"_links":{"self":[{"href":"https:\/\/www.ozvardarcam.com\/en\/wp-json\/wp\/v2\/pages\/39"}],"collection":[{"href":"https:\/\/www.ozvardarcam.com\/en\/wp-json\/wp\/v2\/pages"}],"about":[{"href":"https:\/\/www.ozvardarcam.com\/en\/wp-json\/wp\/v2\/types\/page"}],"author":[{"embeddable":true,"href":"https:\/\/www.ozvardarcam.com\/en\/wp-json\/wp\/v2\/users\/1"}],"replies":[{"embeddable":true,"href":"https:\/\/www.ozvardarcam.com\/en\/wp-json\/wp\/v2\/comments?post=39"}],"version-history":[{"count":30,"href":"https:\/\/www.ozvardarcam.com\/en\/wp-json\/wp\/v2\/pages\/39\/revisions"}],"predecessor-version":[{"id":3322,"href":"https:\/\/www.ozvardarcam.com\/en\/wp-json\/wp\/v2\/pages\/39\/revisions\/3322"}],"wp:attachment":[{"href":"https:\/\/www.ozvardarcam.com\/en\/wp-json\/wp\/v2\/media?parent=39"}],"curies":[{"name":"wp","href":"https:\/\/api.w.org\/{rel}","templated":true}]}}