{"id":39,"date":"2020-04-05T10:14:51","date_gmt":"2020-04-05T10:14:51","guid":{"rendered":"http:\/\/www.ozvardarcam.com.tr\/?page_id=39"},"modified":"2021-11-10T11:22:32","modified_gmt":"2021-11-10T11:22:32","slug":"ana-sayfa","status":"publish","type":"page","link":"https:\/\/www.ozvardarcam.com\/de_de\/","title":{"rendered":"Startseite"},"content":{"rendered":"<p>[et_pb_section fb_built=\u201c1\u2033 fullwidth=\u201con\u201c admin_label=\u201cSlider\u201c _builder_version=\u201c4.4.3\u2033 background_color=\u201c#016968\u2033][et_pb_fullwidth_slider show_pagination=\u201coff\u201c show_image_video_mobile_g=\u201con\u201c use\u201c 1TP3adminT3874 Slider\u201c _builder_version=\u201c4.5.7\u2033 background_enable_color=\u201coff\u201c width=\u201c100%\u201c content_width=\u201cauto\u201c height=\u201c600px\u201c auto=\u201con\u201c auto_ignore_hover=\u201con\u201c hover_transition_duration=\u201c100ms\u201c hover_transition_delay=\u201c10ms_style ._shadow =\u201cpreset6\u2033 box_shadow_color=\u201crgba(1,105,104,0.3)\u201c][et_pb_slide _builder_version=\u201c4.4.3\u2033 header_level=\u201ch1\u2033 header_font=\u201cRoboto|700|||||||\u201c background_image=\u201chttps:\/\/www.ozvardarcam.com\/wp-content\/uploads\/ana_slider_1080x500.jpg\u201c background_enable_image=\u201con\u201c sticky_transition=\u201con\u201c][\/et_pb_slide][et_pb_slide _builder_version=\u201c4.4.3\u2033 background_enable_color off\u201c background_image=\u201chttps:\/\/www.ozvardarcam.com\/wp-content\/uploads\/ana_slider2_1080x500.jpg\u201c background_enable_image=\u201con\u201c background_position=\u201ccenter_left\u201c background_last_edited=\u201coff|tablet\u201c background_position_tablet=\u201ccenter_left\u201c sticky_transition=\u201con\u201c ][\/et_pb_slide][et_pb_slide _builder_version=\u201c4.5.7\u2033 background_enable_color=\u201coff\u201c background_image=\u201chttps:\/\/www.ozvardarcam.com\/wp-content\/uploads\/main_slider3.jpg\u201c background_enable_image=\u201con\u201c background_position =\u201c bottom_center\u201c background_last_edited=\u201coff|tablet\u201c background_position_tablet=\u201ccenter_left\u201c sticky_transition=\u201con\u201c][\/et_pb_slide][et_pb_slide _builder_version=\u201c4.5.7\u2033 background_enable_color=\u201coff\u201c background_image=\u201cvarscams:\/\/www..com\/ wp-content\/uploads\/main_slider4.jpg\u201c background_enable_image=\u201con \u201d background_position=\u201dbottom_center\u201d background_last_edited=\u201doff|tablet\u201d background_position_tablet=\u201dcenter_left\u201d sticky_transition=\u201don\u201d][\/et_pb_slide][\/et_pb_fullwidth_slider][\/et_pb_tablet=\u201dcenter_left\u201d sticky_transition=\u201db_\u201dful][\/et_pb_fullwidth_slider][\/et_pb_tablet=\u201dcenter_left\u201d sticky_transition=\u201db_\u201dful][\/et_pb_fullwidth_slider \/et_pb_label=\u201csection_\u201cfb\u2033 \u201eabout_us4\u2033 _builder_version=\u201c4.4.3\u2033 background_color=\u201c#d8f0fa\u201c custom_padding=\u201c110px||110px||true|false\u201c][et_pb_row column_structure=\u201c1_2,1_2\u2033 use_custom_gutter=\u201c \u201d gutter_width=&quot;1 make&quot; \u201don\u201d _builder_version=\u201d4.5.7\u2033 background_color=\u201d#d8f0fa\u201d width=\u201d90%\u201d max_width=\u201d1200px\u201d custom_padding=\u201d0px||0px|||\u201d box_shadow_style=\u201cpreset3\u2033 box_shadow_vertical=\u201c110px\u201c box_shadow_blur=\u201c130px\u201c box_shadow_spread=\u201c-50px\u201c box_shadow_color=\u201c#01a398\u2033][et_pb_column type=\u201c1_2\u2033\u2033 com\/wp-content\/uploads\/ozvardarcam_fabrika-1.jpg\u201c box_shadow_style=\u201cpreset3\u2033][et_pb_divider show_divider=\u201coff\u201c _builder_version=\u201c4.6.6\u2033 min_height_tablet=\u201c200px\u201c min_height_phone=\u201c200px\u201c min_edit |desktop \/et_pb_divider][et_pb_divider show_divider=\u201coff\u201c _builder_version=\u201c4.4.3\u2033 height_tablet=\u201c\u201c height_phone=\u201c107px\u201c height_last_edited=\u201con|phone\u201c][\/et_pb_divider][\/et_pb_column_column_column_column_builder .6\u2033 custom_padding=\u201c5vw|40px|5vw|40px|true|true\u201c custom_padding_tablet=\u201c|||8vw|40px|false|false\u201c custom_padding_phone=\u201c\u201c custom_padding_last_edited=\u201con|desktop\u201c ][et_pb_text=\u201c_4.6 .builder_version=\u201c .6\u2033 text_font=\u201d|300|||||||\u201d header_2_font=\u201dOswald|200||on|||||\u201d header_2_text_color=\u201crgba(0,0,0,0.13)\u201c header_2_font_size=\u201c72px\u201c header_2_line_height=\u201c1.2em\u201c header_4_font=\u201cMontserrat||||||||\u201c header_4_font_size=\u201c30px\u201c custom_margin=\u201c|||-16px|false|false\u201c filter_opacity=\u201c80%\u201c header_2_font_size_tablet=\u201c\u201c header_2_font_size_phone=\u201c45px\u201c header_2_font_size_last_edited=\u201cr_gdesk\u201c ]<\/p>\n<h2>\u00dcber uns<\/h2>\n<p>[\/et_pb_text][et_pb_text _builder_version=\u201c4.5.7\u2033 text_font=\u201cOswald|300|||||||\u201c text_font_size=\u201c16px\u201c text_letter_spacing=\u201c1px\u201c text_line_height=\u201c1.8em\u201c header_2_font=\u201cCardo|700|||||||\u201c header_2_text_color=\u201c#000000\u2033 header_2_font_size=\u201c72px\u201c header_2_line_height=\u201c1.2em\u201c header_4_font=\u201cOswald|300||on|||||\u201c header_4_text_color=\u201c#01a398\u2033 header_4_font_size=\u201c30px\u201c header_4_line_height=\u201c1.4em\u201c text_orientation=\u201cjustified\u201c header_2_font_size_tablet=\u201c48px\u201c header_2_font_size_phone=\u201c36px\u201c header_2_font_font_last_2_font_font_lastsize_font_font_last_2_font_font_last_2_font_font_last_2_font_font_last<\/p>\n<h4>Fabrikgr\u00fcndung<\/h4>\n<p>Es wurde 1952 von Camc\u0131 Dilaver Vardarer in Manisa gegr\u00fcndet. Das erste Jahr im Verkauf und Kauf von Glas im Einzelhandel macht unser Unternehmen im Jahr 1965. &quot;Turkey Sise Cam&quot; hat das Volumen erh\u00f6ht, wurde der H\u00e4ndler der Fabrik, im Jahr 2001 die Manisa organisierte Industriezone auf 16.000 Quadratmetern Land auf den 12.000 Quadratmetern Innenfl\u00e4che, um die Produktionsanlage zu betreiben ...<\/p>\n<p>[\/et_pb_text][\/et_pb_column][\/et_pb_row][et_pb_row column_structure=\u201c1_2,1_2\u2033 use_custom_gutter=\u201con\u201c gutter_width=\u201c1\u2033 _builder_version=\u201c3.27.3\u2033 width=\u201c90%\u201c max_width\u201cmax_width=\u201c \u201e || 0px ||| &quot;] [et_pb_column type = &quot;1_2&quot; _builder_versio ist = &quot;3.26.6&quot;] [et_pb_butto die button_url = &quot;@ ET-DC @ eyjkew5hbwlj\u0131jp0cnvllcjjb250zw50\u0131joicg9zdf9saw5rx3vybf9wywdl\u0131iwic2v0dgluz3mionsicg9zdf9pzc\u01316\u0131je3mduifx0 = @&quot; BUTTON_TEXT = &quot;read ahead&quot; button_alignment = &quot;right&quot; button_alignment_tablet =\u201dleft\u201d button_alignment_last_edited=\u201doff|tablet\u201d _builder_version=\u201d4.5.6\u2033 _dynamic_attributes=\u201dbutton_url\u201d custom_button=\u201don\u201d button_text_size=\u201d16px\u201d button_bg_color=&quot;#016855\u2033 button_border_color=0,0&quot; 0)\u201d button_border_radius 0px\u201c button_letter_spacing=\u201c2px\u201c button_font=\u201cOswald|||on|||||\u201c button_icon=\u201c%%3%%\u201c background_layout=\u201cdark\u201c custom_padding=\u201c50px|40px|50px|40px|true|true\u201c button_letter_spacing__hover_enabled=\u201con|desktop\u201c button_letter_spacing_2. [\/et_pb_row][\/et_pb_section][et_pb_section fb_built=\u201c1\u2033 admin_label=\u201c#about_us4\u2033 _builder_version=\u201c4.4.9\u20333.4.4.9\u2033 background_Teff\u201c\u201cTP benutzerdefinierte Farbe=\u201c1 110px||110px|\u201c box_shadow_style=\u201cpreset6\u2033 box_shadow_color=\u201crgba(1,105,104,0.3)\u201ccollapsed=\u201coff\u201c][et_pb_row column_structure=\u201c1_4.1_2.1_4\u2033 _builder_version=\u201c4.4.9\u2033 custom_padding=\u201c||||false|false\u201c ][et_pb_column type=\u201c1_4\u2033 _builder_version=\u201c3.25\u2033 custom_padding=\u201c|||\u201c custom_padding__hover=\u201d|||\u201d][\/et_pb_column][et_pb_column type=\u201d1_2\u2033 _builder_version=\u201d3.25\u2033 custom_padding=&quot;|||&quot; custom_padding__hover=\u201c|||\u201c][et_pb_text _builder_version=\u201c4.4.6\u2033 text_font=\u201c||||||||\u201c header_font=&quot;||||||||&quot; header_2_font=\u201dOswald|600||on|||||\u201d header_2_text_align=\u201dcenter\u201d header_2_font_size=\u201d30px\u201d header_2_letter_spacing=\u201d2px\u201d header_2_line_height=\u201d1.2em\u201d module_alignment=\u201dcenter\u201d min_height=\u201d48px\u201d custom_margin=&quot;||10px|&quot; custom_padding=&quot;|||&quot; animation_style=&quot;fade&quot;locked=&quot;off&quot;]<\/p>\n<h2>Unsere Marken<\/h2>\n<p>[\/et_pb_text][et_pb_divider color=\u201c#016855\u2033 Divider_weight=\u201c2px\u201c disabled_on=\u201coff|off|off\u201c _builder_version=\u201c4.4.3\u2033 max_width=\u201c100px\u201c module_alignment=\u201ccenter\u201c height=\u201c2px\u201c custom_margin=\u201c |||\u201d custom_padding=&quot;|||&quot; animation_style=&quot;fade&quot; custom_css_main_element=&quot;||&quot; Locked=\u201coff\u201c][\/et_pb_divider][et_pb_text _builder_version=\u201c4.5.7\u2033 text_font=\u201cOswald|300|||||||\u201c text_font_size=\u201d16px\u201d text_letter_spacing=\u201d2px\u201d text_line_height=\u201d1.8em\u201d text_orientation=\u201dcenter\u201d max_width_tablet=&quot;\u201d max_width_phone=\u201d\u201d max_width_last_edited=\u201don|desktop\u201d custom_margin=&quot;|||&quot; animation_style=&quot;fade&quot;locked=&quot;off&quot;]Unser Unternehmen, das 1952 seine erste Marke gr\u00fcndete, unterst\u00fctzte auch die M\u00f6belindustrie und strukturierte ihre Marken. Suchen Sie nach der Marke und unsere verwandten Seiten. [\/ Et_pb_text] [et_pb_butto der button_url = &quot;@ ET-DC @ eyjkew5hbwlj\u0131jp0cnvllcjjb250zw50\u0131joicg9zdf9saw5rx3vybf9wywdl\u0131iwic2v0dgluz3mionsicg9zdf9pzc\u01316\u0131jmxmij9fq == @&quot; BUTTON_TEXT = &quot;Marken&quot; button_alignment = &quot;center&quot; _builder_versio die = &quot;4.5.6&quot; _dynamic_attributes = &quot; button_url&quot; custom_butto the = &quot; on&quot; button_text_size=&quot;16px&quot; button_text_color=&quot;rgba(0,0,0,0.5)&quot; button_border_width=&quot;1.5px&quot; button_border_radius=&quot;0px&quot; button_letter_spacing=&quot;2px&quot; button_font=&quot;Oswald||| on||||| \u201d][\/et_pb_button][\/et_pb_column][et_pb_column type=\u201d1_4\u2033 _builder_version=\u201d3.25\u2033 custom_padding=&quot;|||&quot; custom_padding__hover=\u201c|||\u201c][\/et_pb_column][\/et_pb_row][et_pb_row column_structure=\u201c1_3,1_3,1_3\u2033 use_custom_gutter=\u201con\u201c gutter_width=\u201c4\u2033 _builder_version=\u201c4.4.9\u2033 width_tablet=\u201c501 =\u201c 71%\u201c width_last_edited=\u201con|phone\u201c custom_margin_tablet=\u201c||||false|false\u201c custom_margin_phone=\u201c\u201c custom_margin_last_edited=\u201con|tablet\u201c custom_padding=\u201c||||false|false\u201c custom_css_main_element =\u201cdisplay: width__hover_enabled=\u201coff|desktop\u201c][et_pb_column type=\u201c1_3\u2033 _builder_version=\u201c4.4.9\u2033][et_pb_image src=\u201chttps:\/\/www.ozvardarcam.com\/wp-content\/uploads\/vogues-tv-stands- logo.jpg\u201c title_text=\u201cvogues-tv-stands-logo\u201c url=\u201chttp:\/\/www.vogues.tv\u201c _builder_version=\u201c4.4.9\u2033][\/et_pb_image][\/et_pb_column][et_pb_column type=&quot;1_3 \u2033 _builder_version=\u201c3.25\u2033 custom_padding=\u201c|||\u201c custom_padding__hover=\u201c|||\u201c][et_pb_image src=\u201chttps:\/\/www.ozvardarcam.com\/wp-content\/uploads\/bagnotti_logo2.jpg\u201c title_text=\u201cbagnotti_logo2\u2033 url=\u201chttp:\/\/www.bagnotti.com \/\u201c _builder_version=\u201c4.6.5\u2033 mix_blend_mode=\u201cmultiply\u201c][\/et_pb_image][\/et_pb_column][et_pb_column type=\u201c1_3\u2033 _builder_version=\u201c4.4.9\u2033][et_pb_image src=\u201chttpscam:\/\/www.ozvar .com\/wp-content\/uploads\/vogues-kitchen-logo-dik.jpg\u201c title_text=\u201cvogues-kitchen-logo-dik\u201c url=\u201chttp:\/\/www.voguesproject.com\u201c _builder_version=\u201c4.4.9\u2033 ][\/et_pb_image][\/et_pb_column][\/et_pb_row][\/et_pb_section][et_pb_section fb_built=\u201c1\u2033 admin_label=\u201c#about_us4\u2033 _builder_version=\u201c4.4.9\u2033 background_pb_section=\u201c1TP3\u201c|TP3110px=\u201c1 colorpa|1100fa Collapsed=\u201coff\u201c][et_pb_row column_structure=\u201c1_2.1_2\u2033 make_equal=\u201con\u201c _builder_version=\u201c4.4.8\u2033 custom_margin=\u201c||||false|false\u201c custom_padding=\u201c0px||0px|\u201c box_shadow_style=\u201dpreset3\u2033 box_shadow_vertical=\u201d40px\u201d box_shadow_blur=\u201d50px\u201d box_shadow_color=&quot;rgba(0,0,0,0.1)&quot;locked=&quot;off&quot;][et_pb_column type=&quot;1_2\u2033 _builder_version=&quot;4.4.7\u2033 use_ .background_color_gradient =\u201con\u201c background_color_gradient_start=\u201c#0e76ed\u201c background_color_gradient_end=\u201c#0fadfc\u201c background_color_gradient_direction=\u201c35deg\u201c custom_padding=\u201c|5%||5%\u201c custom_padding__hover=\u201c|||\u201c\/\u201c\u201c_loadup3 -900PX.png\u201c alt=\u201cGlass, Factory, Equity\u201c title_text=\u201csustainability\u201c align=\u201ccenter\u201c align_tablet=\u201ccenter\u201c align_phone=\u201c\u201c align_last_edited=\u201con|desktop\u201c _builder_version= \u201e4.5.7\u2033 custom_margin=\u201c -20px||-20px|\u201d custom_padding=\u201c20px||20px||false|false\u201c animation_style=\u201czoom\u201c animation_direction=\u201cleft\u201c animation_intensity_zoom=\u201c10%\u201c animation_starting_opacity=\u201c100%\u201c][\/et_pb_image][\/et_pb_column_=&quot;[et_pb2_b_][n_pb_column_][et_pb2_column_][et_pb2_b_&quot; 3.25\u2033 custom_padding=\u201d40px|40px|40px|40px\u201d custom_padding__hover=\u201d|||\u201d][et_pb_text _builder_version=\u201d4.5.6\u2033 header_font=&quot;||||||||&quot; header_2_font=\u201dOswald|600||on|||||\u201d header_2_text_align=\u201dcenter\u201d header_2_font_size=\u201d30px\u201d header_2_letter_spacing=\u201d2px\u201d header_2_line_height=\u201d1.2em\u201d header_3_font=\u201dOswald||||||||\u201d header_3_font_size=\u201c30px\u201c custom_margin=\u201c||10px|\u201c]<\/p>\n<h3>NACHHALTIGKEIT<\/h3>\n<p>[\/et_pb_text][et_pb_divider color=\u201c#f7d584\u2033 Divider_weight=\u201c3px\u201c disabled_on=\u201con|on|off\u201c _builder_version=\u201c3.2\u2033 max_width=\u201c80px\u201c module_alignment=\u201cleft\u201c height=\u201c10px\u201c custom_margin=\u201c|| 20px|\u201d animation_style=\u201dslide\u201d animation_direction=\u201dbottom\u201d saved_tabs=\u201dall\u201d locked=\u201doff\u201d][\/et_pb_divider][et_pb_text _builder_version=&quot;4.5.8\u2033 text_font=&quot;Oswald|300|||||||&quot; text_text_color=\u201drgba(0,0,0,0.4)\u201d text_font_size=\u201d16px\u201d text_letter_spacing=\u201d2px\u201d text_line_height=\u201d1.9em\u201d header_font=&quot;||||||||&quot; header_2_font=&quot;|||||||||&quot; module_alignment=&quot;center&quot; custom_margin=&quot;||30px|&quot;]<\/p>\n<p><span>In Industriel\u00e4ndern tritt im Vergleich zu entwickelten und nicht entwickelten L\u00e4ndern mehr Umweltverschmutzung auf. Dies erh\u00f6ht das Problem der globalen Erw\u00e4rmung weiter. Da es zu den Entwicklungsl\u00e4ndern unseres Landes geh\u00f6rt, ist es mit einem Umweltverschmutzungsproblem konfrontiert. Mehr Produktion zur Deckung des steigenden Verbrauchsbedarfs f\u00fchrt dagegen zu mehr unkontrollierten festen, fl\u00fcssigen und gasf\u00f6rmigen Abf\u00e4llen aus der Industrie.<\/span><\/p>\n<p>[\/ Et_pb_text] [et_pb_butto die button_url = &quot;@ ET-DC @ eyjkew5hbwlj\u0131jp0cnvllcjjb250zw50\u0131joicg9zdf9saw5rx3vybf9wywdl\u0131iwic2v0dgluz3mionsicg9zdf9pzc\u01316\u0131jmxncj9fq == @&quot; BUTTON_TEXT = &quot;MORE&quot; _builder_versio ist = &quot;4.5.6&quot; _dynamic_attributes = &quot;button_url&quot; custom_butto ist = &quot;on&quot; button_text_siz A = &quot;16px&quot; button_text_col R = &quot; #ffffff&quot; button_bg_color=&quot;#0c71c3\u2033 button_border_width=&quot;0px&quot; button_border_radius=&quot;2px&quot; button_letter_spacing=&quot;2px&quot; button_font=&quot;Oswald|||on|||||&quot; button_icon=\u201c%%3%%\u201c custom_margin=\u201c20px|||\u201c custom_padding=\u201d12px|28px|12px|28px\u201d box_shadow_style=\u201dpreset1\u2033 box_shadow_vertical=\u201d10px\u201d box_shadow_blur=\u201d30px\u201d box_shadow_color=\u201drgba(12,113,195,0.5)\u201d button_letter_offsized_button_text_xhover_button_textp_xhover_button_textp_xhover_button=spacing_xhover button_text_color__hover_enabled =\u201coff &quot;button_one_text_color__hover_enabled =&quot; off &quot;button_two_text_color__hover_enabled =&quot; off &quot;button_border_width__hover_enabled =&quot; off &quot;button_one_border_width__hover_enabled =&quot; off &quot;button_two_border_width__hover_enabled =&quot; off &quot;button_border_color__hover_enabled =&quot; off &quot;button_one_border_color__hover_enabled =&quot; off &quot;button_two_border_color__hover_enabled =&quot; off\u201c button_border_radius__hover_enabled =\u201coff\u201c button_one_border_radius__hover_enabled=\u201coff\u201c button_two_border_radius__hover_enabled=\u201coff\u201c button_letter_spacing__hover_enabled=\u201con|desktop\u201c button_letter_spacing_spacing__hoverle\u201c led=\u201doff\u201d button_bg_color__hover_enabled=\u201doff\u201d button_one_bg_color__hover_enabled=\u201doff\u201d button_two_bg_color__hover_enabled=\u201doff\u201d][\/et_pb_button][\/et_pb_column][\/et_pb_column][\/et_pb_row__pb_\u201doff_off__pb_\u201doff_off| =\u201c4.4.9\u2033 background_color=\u201c#c6f2f4E8FFFF\u201c custom_padding=\u201c0|0px|0px|0px\u201c box_shadow_style=\u201cpreset6\u2033 box_shadow_color=\u201crgba(1,105,104,0.3 )\u201c][et_pb_row column_structure=\u201c1_custom_2_structure=\u201c1_custom_g2 on\u201c module_class=\u201ccustom_row\u201c _builder_version=\u201c4.4.4\u2033 width=\u201c100%\u201c max_width=\u201c100%\u201c custom_padding=\u201c0px|0|0px|\u201c use_custom_width=\u201con\u201c width_unit=\u201coff\u201c custom_width_percent=\u201c100%\u201c][et_pb_column type=\u201c1_2\u2033 module_class=\u201csecond-on-mobile\u201c _builder_version=\u201c4.4.4\u2033 background_color=\u201crgba(174,225,226,0.54)\u201c use =\u201can\u201c background_color_gradient_start=\u201crgba(174,225,226,0.54)\u201c background_color_gradient_end=\u201c#006150\u2033 background_color_gradient_overlays_image=\u201con\u201c background_image=\u201chttps:\/\/www.ozvardarcam.com\/wp-content\/uploads\/ozvardar-jpg-es\u201c background_ =\u201ctop_left\u201c background_blend=\u201cmultiply\u201c custom_padding=\u201c100px||100px|\u201c custom_padding_tablet=\u201c60px||60px|\u201c custom_padding_phone=\u201c\u201c custom_padding_last_edited=\u201con|tablet\u201c filter_opacity=\u201c79%\u201c padding_tablet=\u201c60px||60px|\u201c padding_last_edited=\u201con|tablet\u201c custom_padding__hover=\u201c|||\u201c][et_pb_code _builder_version=\u201c4.6.6\u2033 _module_preset=\u201cdefault\u201c hover_enabled=\u201c0\u2033 sticky_enabled=\u201c0\u2033]<!\u2013- [et_pb_br_holder] -\u2013><!\u2013- [et_pb_br_holder] -\u2013><!\u2013- [et_pb_br_holder] -\u2013><!\u2013- [et_pb_br_holder] -\u2013><!\u2013- [et_pb_br_holder] -\u2013><!\u2013- [et_pb_br_holder] -\u2013><!\u2013- [et_pb_br_holder] -\u2013><!\u2013- [et_pb_br_holder] -\u2013><!\u2013- [et_pb_br_holder] -\u2013><!\u2013- [et_pb_br_holder] -\u2013>[\/et_pb_code][\/et_pb_column][et_pb_column type=\u201c1_2\u2033 module_class=\u201cfirst-on-mobile\u201c _builder_version=&quot;4.4.3\u2033 custom_padding=\u201c160px|4%|100px|8%\u201c custom_padding_tablet=\u201cTP1|TP101|1101T \u201d custom_padding_phone=\u201d\u201d custom_padding_last_edited=\u201don|tablet\u201d padding_tablet=\u201d60px|10%|60px|10%\u201d padding_last_edited=\u201don|tablet\u201d custom_padding__hover=\u201d|||\u201d][et_pb_text _4.4.3version=\u201d |||||||&quot; header_font=&quot;||||||||&quot; header_3_font=\u201dOswald|500|||||||\u201d header_3_text_color=\u201c#01a398\u2033 header_3_font_size=\u201c20px\u201c header_3_letter_spacing=\u201c1px\u201c background_layout=\u201cdark\u201c max_width=\u201c600px\u201c module_alignment=\u201cleft\u201c custom_margin=\u201c||7px||false=&quot;|&quot;false&quot; gesperrt<\/p>\n<h3>PRODUKTPORTFOLIO<\/h3>\n<p>[\/et_pb_text][et_pb_text _builder_version=\u201c4.5.7\u2033 text_font=\u201cOswald|300|||||||\u201c text_font_size=\u201d16px\u201d text_letter_spacing=\u201d2px\u201d text_line_height=\u201d1.8em\u201d header_font=&quot;||||||||&quot; header_2_font=\u201dOswald|600|||||||\u201d header_2_font_size=\u201d30px\u201d header_2_letter_spacing=\u201d1px\u201d header_2_line_height=\u201d1.4em\u201d header_3_font=&quot;||||||||&quot; max_width=&quot;600px&quot; text_orientation_tablet=&quot;center&quot; text_orientation_phone=&quot;&quot; text_orientation_last_edited=&quot;on|tablet&quot; locked=&quot;off&quot;]<\/p>\n<h2>Durchsuchen Sie unseren Produktbereich<\/h2>\n<p>Wir bieten professionelle L\u00f6sungen f\u00fcr alle Glasprodukte mit einer breiten Produktpalette.<\/p>\n<p>[\/et_pb_text][\/et_pb_column][\/et_pb_row][\/et_pb_section][et_pb_section fb_built=&#8221;1&#8243; disabled_on=&#8221;on|on|off&#8221; _builder_version=&#8221;4.4.9&#8243; background_color=&#8221;#01a398&#8243; custom_padding=&#8221;55px||55px||true|false&#8221; box_shadow_style=&#8221;preset6&#8243; box_shadow_color=&#8221;#016855&#8243; box_shadow_position=&#8221;outer&#8221; global_module=&#8221;1174&#8243; saved_tabs=&#8221;all&#8221;][et_pb_row column_structure=&#8221;1_4,1_4,1_4,1_4&#8243; use_custom_gutter=&#8221;on&#8221; gutter_width=&#8221;1&#8243; _builder_version=&#8221;4.4.6&#8243; custom_padding=&#8221;0px||0px||false|false&#8221;][et_pb_column type=&#8221;1_4&#8243; _builder_version=&#8221;4.4.4&#8243;][et_pb_blurb title=&#8221;\u00d6ZVARDAR CAM&#8221; use_icon=&#8221;on&#8221; font_icon=&#8221;%%236%%&#8221; icon_color=&#8221;#ffffff&#8221; module_class=&#8221;altbant&#8221; _builder_version=&#8221;4.5.7&#8243; header_font=&#8221;Oswald|200|||||||&#8221; body_font=&#8221;Oswald||||||||&#8221; body_font_size=&#8221;13px&#8221; body_line_height=&#8221;1.5em&#8221; body_link_font=&#8221;Oswald|200|||||||&#8221; body_link_text_color=&#8221;#ffffff&#8221; body_link_letter_spacing=&#8221;1px&#8221; body_link_line_height=&#8221;2em&#8221; background_layout=&#8221;dark&#8221; header_text_shadow_style=&#8221;preset1&#8243; body_link_text_shadow_style=&#8221;preset1&#8243; text_shadow_style=&#8221;preset1&#8243; text_shadow_color=&#8221;#000000&#8243;]<\/p>\n<p><a href=\"https:\/\/www.ozvardarcam.com\/de_de\/\">STARTSEITE<\/a><\/p>\n<p>[\/et_pb_blurb][\/et_pb_column][et_pb_column type=&#8221;1_4&#8243; _builder_version=&#8221;4.4.4&#8243;][et_pb_blurb title=&#8221;\u015e\u0130RKET\u0130M\u0130Z&#8221; use_icon=&#8221;on&#8221; font_icon=&#8221;%%161%%&#8221; icon_color=&#8221;#ffffff&#8221; module_class=&#8221;altbant&#8221; _builder_version=&#8221;4.4.7&#8243; header_font=&#8221;Oswald|200|||||||&#8221; body_font=&#8221;Oswald||||||||&#8221; body_font_size=&#8221;13px&#8221; body_line_height=&#8221;1.5em&#8221; body_link_font=&#8221;Oswald|200|||||||&#8221; body_link_text_color=&#8221;#ffffff&#8221; body_link_letter_spacing=&#8221;1px&#8221; body_link_line_height=&#8221;2em&#8221; background_layout=&#8221;dark&#8221; header_text_shadow_style=&#8221;preset1&#8243; body_link_text_shadow_style=&#8221;preset1&#8243; text_shadow_style=&#8221;preset1&#8243; text_shadow_color=&#8221;#000000&#8243;]<a href=\"https:\/\/www.ozvardarcam.com\/de_de\/hakkimizda\/\">\u00dcBER UNS<\/a><br \/><a href=\"https:\/\/www.ozvardarcam.com\/de_de\/tur\/\">ART<\/a><br \/><a href=\"https:\/\/www.ozvardarcam.com\/de_de\/surdurulebilirlik\/\">NACHHALTIGKEIT<\/a><br \/><a href=\"https:\/\/www.ozvardarcam.com\/de_de\/markalarimiz\/\">Unsere Marken<\/a><br \/><a href=\"\/de_de\/\">SAMMLUNG<\/a>[\/et_pb_blurb][\/et_pb_column][et_pb_column type=&#8221;1_4&#8243; _builder_version=&#8221;4.4.4&#8243;][et_pb_blurb title=&#8221;\u00dcR\u00dcN PORTFOLIO&#8221; use_icon=&#8221;on&#8221; font_icon=&#8221;%%114%%&#8221; icon_color=&#8221;#ffffff&#8221; module_class=&#8221;altbant&#8221; _builder_version=&#8221;4.6.0&#8243; header_font=&#8221;Oswald|200|||||||&#8221; body_font=&#8221;Oswald||||||||&#8221; body_font_size=&#8221;13px&#8221; body_line_height=&#8221;1.5em&#8221; body_link_font=&#8221;Oswald|200|||||||&#8221; body_link_text_color=&#8221;#ffffff&#8221; body_link_letter_spacing=&#8221;1px&#8221; body_link_line_height=&#8221;2em&#8221; background_layout=&#8221;dark&#8221; header_text_shadow_style=&#8221;preset1&#8243; body_link_text_shadow_style=&#8221;preset1&#8243; text_shadow_style=&#8221;preset1&#8243; text_shadow_color=&#8221;#000000&#8243;]<\/p>\n<p><a href=\"https:\/\/www.ozvardarcam.com\/de_de\/urun-portfolio\/\">UNSER PRODUKTPORTFOLIO<\/a><\/p>\n<p>[\/et_pb_blurb][\/et_pb_column][et_pb_column type=&#8221;1_4&#8243; _builder_version=&#8221;4.4.4&#8243;][et_pb_blurb title=&#8221;\u0130LET\u0130\u015e\u0130M&#8221; use_icon=&#8221;on&#8221; font_icon=&#8221;%%132%%&#8221; icon_color=&#8221;#ffffff&#8221; module_class=&#8221;altbant&#8221; _builder_version=&#8221;4.4.6&#8243; header_font=&#8221;Oswald|200|||||||&#8221; body_font=&#8221;Oswald||||||||&#8221; body_font_size=&#8221;13px&#8221; body_line_height=&#8221;1.5em&#8221; body_link_font=&#8221;Oswald|200|||||||&#8221; body_link_text_color=&#8221;#ffffff&#8221; body_link_letter_spacing=&#8221;1px&#8221; body_link_line_height=&#8221;2em&#8221; background_layout=&#8221;dark&#8221; header_text_shadow_style=&#8221;preset1&#8243; body_link_text_shadow_style=&#8221;preset1&#8243; text_shadow_style=&#8221;preset1&#8243; text_shadow_color=&#8221;#000000&#8243;]<\/p>\n<p><a href=\"https:\/\/www.ozvardarcam.com\/de_de\/iletisim\/\">KONTAKT<\/a><br \/> <a href=\"https:\/\/www.facebook.com\/ozvardarcam\/\">FACEBOOK<\/a><br \/> <a href=\"https:\/\/www.instagram.com\/ozvardar.glass\/\">INSTAGRAM<\/a><br \/> <a href=\"https:\/\/www.linkedin.com\/company\/37557142\/\">LINKEDIN<\/a><\/p>\n<p>[\/et_pb_blurb][\/et_pb_column][\/et_pb_row][\/et_pb_section]<\/p>","protected":false},"excerpt":{"rendered":"<p>\u00d6zvardar Glasindustrie Gro\u00dfhandel Glasherstellung, Schneiden, Schleifen, H\u00e4rten von Glasprodukten usw. <\/p>","protected":false},"author":1,"featured_media":0,"parent":0,"menu_order":0,"comment_status":"closed","ping_status":"closed","template":"","meta":{"_et_pb_use_builder":"on","_et_pb_old_content":"<!-- wp:divi\/placeholder \/-->","_et_gb_content_width":"2880"},"_links":{"self":[{"href":"https:\/\/www.ozvardarcam.com\/de_de\/wp-json\/wp\/v2\/pages\/39"}],"collection":[{"href":"https:\/\/www.ozvardarcam.com\/de_de\/wp-json\/wp\/v2\/pages"}],"about":[{"href":"https:\/\/www.ozvardarcam.com\/de_de\/wp-json\/wp\/v2\/types\/page"}],"author":[{"embeddable":true,"href":"https:\/\/www.ozvardarcam.com\/de_de\/wp-json\/wp\/v2\/users\/1"}],"replies":[{"embeddable":true,"href":"https:\/\/www.ozvardarcam.com\/de_de\/wp-json\/wp\/v2\/comments?post=39"}],"version-history":[{"count":30,"href":"https:\/\/www.ozvardarcam.com\/de_de\/wp-json\/wp\/v2\/pages\/39\/revisions"}],"predecessor-version":[{"id":3322,"href":"https:\/\/www.ozvardarcam.com\/de_de\/wp-json\/wp\/v2\/pages\/39\/revisions\/3322"}],"wp:attachment":[{"href":"https:\/\/www.ozvardarcam.com\/de_de\/wp-json\/wp\/v2\/media?parent=39"}],"curies":[{"name":"wp","href":"https:\/\/api.w.org\/{rel}","templated":true}]}}