{"id":2642,"date":"2020-09-15T12:08:58","date_gmt":"2020-09-15T12:08:58","guid":{"rendered":"https:\/\/www.ozvardarcam.com\/privacy-policy\/"},"modified":"2020-09-15T12:08:59","modified_gmt":"2020-09-15T12:08:59","slug":"privacy-policy","status":"publish","type":"page","link":"https:\/\/www.ozvardarcam.com\/de_de\/privacy-policy\/","title":{"rendered":"Privacy policy"},"content":{"rendered":"<p>[et_pb_section fb_built=&#8221;1&#8243; fullwidth=&#8221;on&#8221; _builder_version=&#8221;4.6.0&#8243; _module_preset=&#8221;default&#8221;][et_pb_fullwidth_header title=&#8221;PRIVACY POLICY&#8221; subhead=&#8221;What is our privacy policy? What personal information do we collect for what purpose? you can find answers to your questions like here.&#8221; text_orientation=&#8221;center&#8221; header_fullscreen=&#8221;on&#8221; header_scroll_down=&#8221;on&#8221; scroll_down_icon=&#8221;%%2%%&#8221; background_overlay_color=&#8221;rgba(12,113,195,0.1)&#8221; _builder_version=&#8221;4.6.0&#8243; _module_preset=&#8221;default&#8221; title_font=&#8221;Oswald|500|||||||&#8221; title_font_size=&#8221;80px&#8221; title_letter_spacing=&#8221;0.05em&#8221; title_line_height=&#8221;1.5em&#8221; content_font=&#8221;|600|||||||&#8221; content_text_color=&#8221;rgba(0,0,0,0.4)&#8221; subhead_font=&#8221;Oswald||||||||&#8221; subhead_font_size=&#8221;20px&#8221; subhead_letter_spacing=&#8221;0.05em&#8221; subhead_line_height=&#8221;1.9em&#8221; background_enable_color=&#8221;off&#8221; background_image=&#8221;https:\/\/www.ozvardarcam.com\/wp-content\/uploads\/gizlilik_ilkesi.jpg&#8221; background_layout=&#8221;light&#8221;][\/et_pb_fullwidth_header][\/et_pb_section][et_pb_section fb_built=&#8221;1&#8243; _builder_version=&#8221;4.6.0&#8243; _module_preset=&#8221;default&#8221; background_color=&#8221;#e8ffff&#8221;][et_pb_row _builder_version=&#8221;4.6.0&#8243; _module_preset=&#8221;default&#8221;][et_pb_column type=&#8221;4_4&#8243; _builder_version=&#8221;4.6.0&#8243; _module_preset=&#8221;default&#8221;][et_pb_blurb title=&#8221;WHO ARE WE&#8221; image=&#8221;https:\/\/www.ozvardarcam.com\/wp-content\/uploads\/ozvardarcam.jpg&#8221; alt=&#8221;privacy policy&#8221; icon_placement=&#8221;top&#8221; icon_alignment=&#8221;left&#8221; content_max_width=&#8221;90%&#8221; _builder_version=&#8221;4.6.0&#8243; _module_preset=&#8221;default&#8221; header_font=&#8221;Oswald||||||||&#8221; header_font_size=&#8221;42px&#8221; body_font=&#8221;Oswald|300|||||||&#8221; body_font_size=&#8221;19px&#8221; body_letter_spacing=&#8221;0.05em&#8221;]<\/p>\n<p>Ozvardar Glass Industry produziert in hoher Qualit\u00e4t und ist in den Bereichen wei\u00dfe Ware, Bauwesen, M\u00f6bel, Automobil und Energie t\u00e4tig. Mit seiner erstklassigen Qualit\u00e4t, seinem breiten Produktportfolio und seiner starken Logistikinfrastruktur erf\u00fcllt es weltweit alle Arten von Glasbed\u00fcrfnissen und -erwartungen.<br \/>\nDie \u00d6zvardar Glass Industry, die sich seit ihrer Gr\u00fcndung an die sich st\u00e4ndig \u00e4ndernde Technologie angepasst, Ideen in die Realit\u00e4t umgesetzt und mit Fachleuten zusammengearbeitet hat, ist stolz darauf, erstklassige Produktion und Service zu bieten. Ausgehend von dem Wert, den wir Ihnen und Ihrem Vertrauen in uns geben, setzen wir nach einer erfolgreichen Vergangenheit von mehr als einem halben Jahrhundert unseren Weg mit brandneuen Projekten fort.<\/p>\n<p>[\/et_pb_blurb][et_pb_divider color=&#8221;rgba(1,163,152,0.82)&#8221; divider_weight=&#8221;3px&#8221; _builder_version=&#8221;4.6.0&#8243; _module_preset=&#8221;default&#8221; width=&#8221;90%&#8221; module_alignment=&#8221;center&#8221; custom_margin=&#8221;5%||5%||false|false&#8221;][\/et_pb_divider][et_pb_blurb title=&#8221;PRIVACY POLICY PURPOSE&#8221; use_icon=&#8221;on&#8221; font_icon=&#8221;%%75%%&#8221; content_max_width=&#8221;90%&#8221; use_icon_font_size=&#8221;on&#8221; icon_font_size=&#8221;79px&#8221; _builder_version=&#8221;4.6.0&#8243; _module_preset=&#8221;default&#8221; header_font=&#8221;Oswald||||||||&#8221; header_font_size=&#8221;42px&#8221; body_font=&#8221;Oswald|300|||||||&#8221; body_font_size=&#8221;19px&#8221; body_letter_spacing=&#8221;0.05em&#8221;]<\/p>\n<p>Der Zweck dieser Richtlinie besteht darin, die Vertraulichkeits-, Integrit\u00e4ts- und Zug\u00e4nglichkeitsfunktionen der Informationsressourcen von OZVARDAR GLASS und der von ihm bereitgestellten Einheiten zu sch\u00fctzen und ordnungsgem\u00e4\u00df zu verwalten.<\/p>\n<p>[\/et_pb_blurb][et_pb_divider color=&#8221;rgba(1,163,152,0.82)&#8221; divider_weight=&#8221;3px&#8221; _builder_version=&#8221;4.6.0&#8243; _module_preset=&#8221;default&#8221; width=&#8221;90%&#8221; module_alignment=&#8221;center&#8221; custom_margin=&#8221;5%||5%||false|false&#8221;][\/et_pb_divider][et_pb_blurb title=&#8221;PRIVACY POLICY SCOPE&#8221; use_icon=&#8221;on&#8221; font_icon=&#8221;%%75%%&#8221; content_max_width=&#8221;90%&#8221; use_icon_font_size=&#8221;on&#8221; icon_font_size=&#8221;79px&#8221; _builder_version=&#8221;4.6.0&#8243; _module_preset=&#8221;default&#8221; header_font=&#8221;Oswald||||||||&#8221; header_font_size=&#8221;42px&#8221; body_font=&#8221;Oswald|300|||||||&#8221; body_font_size=&#8221;19px&#8221; body_letter_spacing=&#8221;0.05em&#8221;]<\/p>\n<p><span>OZVARDAR GLASS Informationssicherheits-Managementsystem; OZVARDAR GLASS Es umfasst die Informationstechnologie-Infrastruktur, alle Einheiten, die diese Infrastruktur nutzen, Benutzer, die als Dritte auf die Informationssysteme der Institution zugreifen, Dienstleistungs-, Software- oder Hardwareanbieter, die der OZVARDAR GLASS Information Technology-Einheit technischen Support bieten.<\/span><\/p>\n<p><span>Die Umsetzung dieser Richtlinie ist wichtig, um unsere Integrit\u00e4t in unseren Gesch\u00e4ftsbeziehungen mit den Einheiten, denen wir dienen, zu demonstrieren und aufrechtzuerhalten. F\u00fcr OZVARDAR GLASS sind Kundeninformationen, Organisationsunterlagen, Technologiekenntnisse und Projektaktivit\u00e4tsprozessinformationen in erster Linie vorrangige und gesch\u00fctzte Verm\u00f6genswerte. Es ist die OZVARDAR GLASS-Richtlinie, Folgendes bereitzustellen.<\/span><\/p>\n<ul>\n<li>Die Vertraulichkeit wird gew\u00e4hrleistet, indem nur autorisierter Zugriff auf Informationen gew\u00e4hrt wird.<\/li>\n<li>Die Integrit\u00e4t der Informationen wird durch den Schutz vor unbefugten \u00c4nderungen und die Aufzeichnung der vorgenommenen \u00c4nderungen sichergestellt.<\/li>\n<li>Wenn Informationen ben\u00f6tigt werden, wird ihre Zug\u00e4nglichkeit sichergestellt, indem sie autorisierten Benutzern zur Verf\u00fcgung gestellt werden<\/li>\n<li>Alle Richtlinien und Verfahren, die diese Richtlinie unterst\u00fctzen, werden von jeder Einheit implementiert. Alle gesetzlichen Anforderungen sind erf\u00fcllt.<\/li>\n<li>Das Bewusstsein wird durch kontinuierliche Schulungen zur Informationssicherheit f\u00fcr alle Mitarbeiter gesch\u00e4rft.<\/li>\n<li>Alle Sicherheitsl\u00fccken in der Informationssicherheit und alle erkannten verd\u00e4chtigen Situationen werden den entsprechenden Parteien gemeldet. Kontinuierliche Verbesserungen und Kontrollen werden von den Betroffenen bereitgestellt.<\/li>\n<\/ul>\n<p>[\/et_pb_blurb][et_pb_divider color=&#8221;rgba(1,163,152,0.82)&#8221; divider_weight=&#8221;3px&#8221; _builder_version=&#8221;4.6.0&#8243; _module_preset=&#8221;default&#8221; width=&#8221;90%&#8221; module_alignment=&#8221;center&#8221; custom_margin=&#8221;5%||5%||false|false&#8221;][\/et_pb_divider][et_pb_blurb title=&#8221;PRIVACY POLICY APPLICABILITY&#8221; use_icon=&#8221;on&#8221; font_icon=&#8221;%%75%%&#8221; content_max_width=&#8221;90%&#8221; use_icon_font_size=&#8221;on&#8221; icon_font_size=&#8221;79px&#8221; _builder_version=&#8221;4.6.0&#8243; _module_preset=&#8221;default&#8221; header_font=&#8221;Oswald||||||||&#8221; header_font_size=&#8221;42px&#8221; body_font=&#8221;Oswald|300|||||||&#8221; body_font_size=&#8221;19px&#8221; body_letter_spacing=&#8221;0.05em&#8221;]<\/p>\n<p><span>Alle Mitarbeiter von OZVARDAR GLASS, die in irgendeiner Beziehung zu den vom Ziel des Informationssicherheits-Managementsystems abgedeckten Informationsressourcen stehen, sind f\u00fcr die Umsetzung dieser Richtlinie verantwortlich und werden vom OZVARDAR GLASS-Management unterst\u00fctzt, das die Richtlinie genehmigt hat.<\/span><\/p>\n<p>[\/et_pb_blurb][et_pb_divider color=&#8221;rgba(1,163,152,0.82)&#8221; divider_weight=&#8221;3px&#8221; _builder_version=&#8221;4.6.0&#8243; _module_preset=&#8221;default&#8221; width=&#8221;90%&#8221; module_alignment=&#8221;center&#8221; custom_margin=&#8221;5%||5%||false|false&#8221;][\/et_pb_divider][et_pb_blurb title=&#8221;PRIVACY POLICY OBJECTIVES&#8221; use_icon=&#8221;on&#8221; font_icon=&#8221;%%75%%&#8221; content_max_width=&#8221;90%&#8221; use_icon_font_size=&#8221;on&#8221; icon_font_size=&#8221;79px&#8221; _builder_version=&#8221;4.6.0&#8243; _module_preset=&#8221;default&#8221; header_font=&#8221;Oswald||||||||&#8221; header_font_size=&#8221;42px&#8221; body_font=&#8221;Oswald|300|||||||&#8221; body_font_size=&#8221;19px&#8221; body_letter_spacing=&#8221;0.05em&#8221;]<\/p>\n<ul>\n<li>Bestimmen Sie den Wert von Informationsressourcen durch eine angemessene Risikobewertung, ihre Schw\u00e4chen und Bedrohungen, die sie gef\u00e4hrden k\u00f6nnten, und reduzieren Sie die Risiken auf ein akzeptables Ma\u00df.<\/li>\n<li>Erf\u00fcllung der gesetzlichen Anforderungen durch Entwurf, Implementierung und Wartung des Informationssicherheits-Managementsystems.<\/li>\n<li>Schutz der Glaubw\u00fcrdigkeit der Institution und ihres Images.<\/li>\n<li>Einhaltung aller Kundenvertragsbedingungen in Bezug auf Informationssicherheit.<\/li>\n<li>Gew\u00e4hrleistung der Gesch\u00e4ftskontinuit\u00e4t der Institution.<\/li>\n<li>Sicherstellung und Aufrechterhaltung der Einhaltung der TS ISO IEC 27001.<\/li>\n<\/ul>\n<p>[\/et_pb_blurb][et_pb_divider color=&#8221;rgba(1,163,152,0.82)&#8221; divider_weight=&#8221;3px&#8221; _builder_version=&#8221;4.6.0&#8243; _module_preset=&#8221;default&#8221; width=&#8221;90%&#8221; module_alignment=&#8221;center&#8221; custom_margin=&#8221;5%||5%||false|false&#8221;][\/et_pb_divider][et_pb_blurb title=&#8221;RESPONSIBILITIES AND SANCTIONS&#8221; use_icon=&#8221;on&#8221; font_icon=&#8221;%%75%%&#8221; content_max_width=&#8221;90%&#8221; use_icon_font_size=&#8221;on&#8221; icon_font_size=&#8221;79px&#8221; _builder_version=&#8221;4.6.0&#8243; _module_preset=&#8221;default&#8221; header_font=&#8221;Oswald||||||||&#8221; header_font_size=&#8221;42px&#8221; body_font=&#8221;Oswald|300|||||||&#8221; body_font_size=&#8221;19px&#8221; body_letter_spacing=&#8221;0.05em&#8221;]<\/p>\n<p><span>Das OZVARDAR GLASS Management erstellt, sichert und \u00fcberpr\u00fcft diese Richtlinie. Alle Mitarbeiter von OZVARDAR GLASS sind f\u00fcr die Einhaltung dieser Richtlinie und der Verfahren und Anweisungen verantwortlich, die diese Richtlinie unterst\u00fctzen. Verwaltung; F\u00fcr den Fall, dass die im Rahmen des Informationssicherheits-Managementsystems festgelegten Richtlinien, Verfahren und Anweisungen nicht befolgt werden, wendet das Institut eine oder mehrere der Sanktionen wie Verwarnung, Verweis, Geldbu\u00dfen und Beendigung des Vertrags an.<\/span><\/p>\n<p><span>Im Falle eines Versto\u00dfes des Personals gegen die Sicherheits- und Betriebsrichtlinien von OZVARDAR GLASS ergreift das Management von OZVARDAR GLASS die erforderlichen Disziplinarma\u00dfnahmen. Wenn OZVARDAR GLASS oder die von ihm erbrachten Personen aufgrund solcher Verst\u00f6\u00dfe in irgendeiner Weise gesch\u00e4digt werden, kann das Management von OZVARDAR GLASS das verantwortliche Personal f\u00fcr den Schaden entsch\u00e4digen.<\/span><\/p>\n<p><span>OZVARDAR GLASS unterliegt vors\u00e4tzlichen Ma\u00dfnahmen, Disziplinarma\u00dfnahmen und \/ oder rechtlichen Vorsichtsma\u00dfnahmen, die die Sicherheit der Informationen seiner Kunden oder Lieferanten gef\u00e4hrden k\u00f6nnen.<\/span><\/p>\n<p><span>Der Information Security Manager unterst\u00fctzt die Implementierung dieser Richtlinie durch geeignete Standards und Verfahren. Das OZVARDAR GLASS Information Security Board aktualisiert die ISMS-Infrastruktur und stellt deren Kontinuit\u00e4t sicher.<\/span><\/p>\n<p><span>Alle Mitarbeiter und Vertragslieferanten unterliegen der Informationssicherheitsrichtlinie. Alle Mitarbeiter sind daf\u00fcr verantwortlich, Sicherheitsvorf\u00e4lle und festgestellte Schwachstellen zu melden.<\/span><\/p>\n<p>[\/et_pb_blurb][et_pb_divider color=&#8221;rgba(1,163,152,0.82)&#8221; divider_weight=&#8221;3px&#8221; _builder_version=&#8221;4.6.0&#8243; _module_preset=&#8221;default&#8221; width=&#8221;90%&#8221; module_alignment=&#8221;center&#8221; custom_margin=&#8221;5%||5%||false|false&#8221;][\/et_pb_divider][et_pb_blurb title=&#8221;REVIEW&#8221; use_icon=&#8221;on&#8221; font_icon=&#8221;%%75%%&#8221; content_max_width=&#8221;90%&#8221; use_icon_font_size=&#8221;on&#8221; icon_font_size=&#8221;79px&#8221; _builder_version=&#8221;4.6.0&#8243; _module_preset=&#8221;default&#8221; header_font=&#8221;Oswald||||||||&#8221; header_font_size=&#8221;42px&#8221; body_font=&#8221;Oswald|300|||||||&#8221; body_font_size=&#8221;19px&#8221; body_letter_spacing=&#8221;0.05em&#8221;]<\/p>\n<p><span>Diese Richtlinie wird regelm\u00e4\u00dfig einmal j\u00e4hrlich vom OZVARDAR GLASS Information Security Board \u00fcberpr\u00fcft, wobei wichtige Sicherheitsschw\u00e4chen und -bedrohungen ber\u00fccksichtigt werden, die auf den Kontrollen im Zusammenhang mit den \u00c4nderungen des Prozesses oder der technischen Infrastruktur beruhen. Diese \u00fcberarbeitete und aktualisierte Richtlinie wird vom OZVARDAR GLASS Management genehmigt. Diese \u00fcberarbeitete und aktualisierte Richtlinie wurde vom OZVARDAR GLASS Management genehmigt.<\/span><\/p>\n<p><span>Als OZVARDAR GLASS Management, <\/span><strong>&quot;Ozvardar Glass Informationssicherheitsrichtlinie&quot;<\/strong><span> Hiermit erkl\u00e4re ich, dass das Management die Umsetzung, Kontrolle und Durchsetzung der erforderlichen Sanktionen f\u00fcr Sicherheitsverletzungen unterst\u00fctzt.<\/span><\/p>\n<p>[\/et_pb_blurb][\/et_pb_column][\/et_pb_row][\/et_pb_section][et_pb_section fb_built=&#8221;1&#8243; disabled_on=&#8221;on|on|off&#8221; _builder_version=&#8221;4.4.9&#8243; background_color=&#8221;#01a398&#8243; custom_padding=&#8221;55px||55px||true|false&#8221; box_shadow_style=&#8221;preset6&#8243; box_shadow_color=&#8221;#016855&#8243; box_shadow_position=&#8221;outer&#8221; global_module=&#8221;1174&#8243; saved_tabs=&#8221;all&#8221;][et_pb_row column_structure=&#8221;1_4,1_4,1_4,1_4&#8243; use_custom_gutter=&#8221;on&#8221; gutter_width=&#8221;1&#8243; _builder_version=&#8221;4.4.6&#8243; custom_padding=&#8221;0px||0px||false|false&#8221;][et_pb_column type=&#8221;1_4&#8243; _builder_version=&#8221;4.4.4&#8243;][et_pb_blurb title=&#8221;OZVARDAR GLASS&#8221; use_icon=&#8221;on&#8221; font_icon=&#8221;%%236%%&#8221; icon_color=&#8221;#ffffff&#8221; module_class=&#8221;altbant&#8221; _builder_version=&#8221;4.5.7&#8243; header_font=&#8221;Oswald|200|||||||&#8221; body_font=&#8221;Oswald||||||||&#8221; body_font_size=&#8221;13px&#8221; body_line_height=&#8221;1.5em&#8221; body_link_font=&#8221;Oswald|200|||||||&#8221; body_link_text_color=&#8221;#ffffff&#8221; body_link_letter_spacing=&#8221;1px&#8221; body_link_line_height=&#8221;2em&#8221; background_layout=&#8221;dark&#8221; header_text_shadow_style=&#8221;preset1&#8243; body_link_text_shadow_style=&#8221;preset1&#8243; text_shadow_style=&#8221;preset1&#8243; text_shadow_color=&#8221;#000000&#8243;]<\/p>\n<p><a href=\"https:\/\/www.ozvardarcam.com\/de_de\/?lang=en\">ZUHAUSE<\/a><\/p>\n<p>[\/et_pb_blurb][\/et_pb_column][et_pb_column type=&#8221;1_4&#8243; _builder_version=&#8221;4.4.4&#8243;][et_pb_blurb title=&#8221;OUR COMPANY&#8221; use_icon=&#8221;on&#8221; font_icon=&#8221;%%161%%&#8221; icon_color=&#8221;#ffffff&#8221; module_class=&#8221;altbant&#8221; _builder_version=&#8221;4.4.7&#8243; header_font=&#8221;Oswald|200|||||||&#8221; body_font=&#8221;Oswald||||||||&#8221; body_font_size=&#8221;13px&#8221; body_line_height=&#8221;1.5em&#8221; body_link_font=&#8221;Oswald|200|||||||&#8221; body_link_text_color=&#8221;#ffffff&#8221; body_link_letter_spacing=&#8221;1px&#8221; body_link_line_height=&#8221;2em&#8221; background_layout=&#8221;dark&#8221; header_text_shadow_style=&#8221;preset1&#8243; body_link_text_shadow_style=&#8221;preset1&#8243; text_shadow_style=&#8221;preset1&#8243; text_shadow_color=&#8221;#000000&#8243;]<a href=\"https:\/\/www.ozvardarcam.com\/de_de\/about-us\/?lang=en\">\u00dcBER UNS<\/a><br \/><a href=\"https:\/\/www.ozvardarcam.com\/de_de\/tour\/?lang=en\">TOUR<\/a><br \/><a href=\"https:\/\/www.ozvardarcam.com\/de_de\/sustainability\/?lang=en\">NACHHALTIGKEIT<\/a><br \/><a href=\"https:\/\/www.ozvardarcam.com\/de_de\/our-brands\/?lang=en\">UNSERE MARKEN<\/a><br \/><a href=\"\/de_de\/\">SAMMELN<\/a>[\/et_pb_blurb][\/et_pb_column][et_pb_column type=&#8221;1_4&#8243; _builder_version=&#8221;4.4.4&#8243;][et_pb_blurb title=&#8221;PRODUCT PORTFOLIO&#8221; use_icon=&#8221;on&#8221; font_icon=&#8221;%%114%%&#8221; icon_color=&#8221;#ffffff&#8221; module_class=&#8221;altbant&#8221; _builder_version=&#8221;4.6.0&#8243; header_font=&#8221;Oswald|200|||||||&#8221; body_font=&#8221;Oswald||||||||&#8221; body_font_size=&#8221;13px&#8221; body_line_height=&#8221;1.5em&#8221; body_link_font=&#8221;Oswald|200|||||||&#8221; body_link_text_color=&#8221;#ffffff&#8221; body_link_letter_spacing=&#8221;1px&#8221; body_link_line_height=&#8221;2em&#8221; background_layout=&#8221;dark&#8221; header_text_shadow_style=&#8221;preset1&#8243; body_link_text_shadow_style=&#8221;preset1&#8243; text_shadow_style=&#8221;preset1&#8243; text_shadow_color=&#8221;#000000&#8243;]<\/p>\n<p><a href=\"https:\/\/www.ozvardarcam.com\/de_de\/product-portfolio\/?lang=en\">PRODUKTPORTFOLIO<\/a><\/p>\n<p>[\/et_pb_blurb][\/et_pb_column][et_pb_column type=&#8221;1_4&#8243; _builder_version=&#8221;4.4.4&#8243;][et_pb_blurb title=&#8221;CONTACT&#8221; use_icon=&#8221;on&#8221; font_icon=&#8221;%%132%%&#8221; icon_color=&#8221;#ffffff&#8221; module_class=&#8221;altbant&#8221; _builder_version=&#8221;4.4.6&#8243; header_font=&#8221;Oswald|200|||||||&#8221; body_font=&#8221;Oswald||||||||&#8221; body_font_size=&#8221;13px&#8221; body_line_height=&#8221;1.5em&#8221; body_link_font=&#8221;Oswald|200|||||||&#8221; body_link_text_color=&#8221;#ffffff&#8221; body_link_letter_spacing=&#8221;1px&#8221; body_link_line_height=&#8221;2em&#8221; background_layout=&#8221;dark&#8221; header_text_shadow_style=&#8221;preset1&#8243; body_link_text_shadow_style=&#8221;preset1&#8243; text_shadow_style=&#8221;preset1&#8243; text_shadow_color=&#8221;#000000&#8243;]<\/p>\n<p><a href=\"https:\/\/www.ozvardarcam.com\/de_de\/contact\/?lang=en\">KONTAKT<\/a><br \/> <a href=\"https:\/\/www.facebook.com\/ozvardarcam\/\">FACEBOOK<\/a><br \/> <a href=\"https:\/\/www.instagram.com\/ozvardar.glass\/\">INSTAGRAM<\/a><br \/> <a href=\"https:\/\/www.linkedin.com\/company\/37557142\/\">LINKEDIN<\/a><\/p>\n<p>[\/et_pb_blurb][\/et_pb_column][\/et_pb_row][\/et_pb_section]<\/p>","protected":false},"excerpt":{"rendered":"<p>[et_pb_section fb_built=&#8221;1&#8243; fullwidth=&#8221;on&#8221; _builder_version=&#8221;4.6.0&#8243; _module_preset=&#8221;default&#8221;][et_pb_fullwidth_header title=&#8221;PRIVACY POLICY&#8221; subhead=&#8221;What is our privacy policy? What personal information do we collect for what purpose? you can find answers to your questions like here.&#8221; text_orientation=&#8221;center&#8221; header_fullscreen=&#8221;on&#8221; header_scroll_down=&#8221;on&#8221; scroll_down_icon=&#8221;%%2%%&#8221; background_overlay_color=&#8221;rgba(12,113,195,0.1)&#8221; _builder_version=&#8221;4.6.0&#8243; _module_preset=&#8221;default&#8221; title_font=&#8221;Oswald|500|||||||&#8221; title_font_size=&#8221;80px&#8221; title_letter_spacing=&#8221;0.05em&#8221; title_line_height=&#8221;1.5em&#8221; content_font=&#8221;|600|||||||&#8221; content_text_color=&#8221;rgba(0,0,0,0.4)&#8221; subhead_font=&#8221;Oswald||||||||&#8221; subhead_font_size=&#8221;20px&#8221; subhead_letter_spacing=&#8221;0.05em&#8221; subhead_line_height=&#8221;1.9em&#8221; background_enable_color=&#8221;off&#8221; background_image=&#8221;https:\/\/www.ozvardarcam.com\/wp-content\/uploads\/gizlilik_ilkesi.jpg&#8221; background_layout=&#8221;light&#8221;][\/et_pb_fullwidth_header][\/et_pb_section][et_pb_section fb_built=&#8221;1&#8243; _builder_version=&#8221;4.6.0&#8243; _module_preset=&#8221;default&#8221; background_color=&#8221;#e8ffff&#8221;][et_pb_row _builder_version=&#8221;4.6.0&#8243; [&hellip;]<\/p>","protected":false},"author":1,"featured_media":0,"parent":0,"menu_order":0,"comment_status":"closed","ping_status":"closed","template":"","meta":{"_et_pb_use_builder":"on","_et_pb_old_content":"","_et_gb_content_width":""},"_links":{"self":[{"href":"https:\/\/www.ozvardarcam.com\/de_de\/wp-json\/wp\/v2\/pages\/2642"}],"collection":[{"href":"https:\/\/www.ozvardarcam.com\/de_de\/wp-json\/wp\/v2\/pages"}],"about":[{"href":"https:\/\/www.ozvardarcam.com\/de_de\/wp-json\/wp\/v2\/types\/page"}],"author":[{"embeddable":true,"href":"https:\/\/www.ozvardarcam.com\/de_de\/wp-json\/wp\/v2\/users\/1"}],"replies":[{"embeddable":true,"href":"https:\/\/www.ozvardarcam.com\/de_de\/wp-json\/wp\/v2\/comments?post=2642"}],"version-history":[{"count":0,"href":"https:\/\/www.ozvardarcam.com\/de_de\/wp-json\/wp\/v2\/pages\/2642\/revisions"}],"wp:attachment":[{"href":"https:\/\/www.ozvardarcam.com\/de_de\/wp-json\/wp\/v2\/media?parent=2642"}],"curies":[{"name":"wp","href":"https:\/\/api.w.org\/{rel}","templated":true}]}}